{"id":12,"date":"2018-07-17T15:11:51","date_gmt":"2018-07-17T15:11:51","guid":{"rendered":"http:\/\/mozartschule-mannheim.de\/?page_id=12"},"modified":"2024-06-25T11:23:09","modified_gmt":"2024-06-25T09:23:09","slug":"der-elternbeirat","status":"publish","type":"page","link":"https:\/\/mozartschule-mannheim.de\/?page_id=12","title":{"rendered":"Der Elternbeirat"},"content":{"rendered":"<h1><strong>Der Elternbeirat<\/strong><\/h1>\n<p style=\"text-align: justify;\">Gew\u00e4hlte Elternbeiratsvorsitzende f\u00fcr das laufende Schuljahr sind Frau Yvonne Schmidt sowie\u00a0 Stellvertreter Herr Nizar Murad.<\/p>\n<p style=\"text-align: justify;\">Der Elternbeirat f\u00f6rdert die Anteilnahme der Eltern am Schulleben, greift W\u00fcnsche und Anregungen aus Elternkreisen auf und setzt sich f\u00fcr die Belange der Schule ein.<\/p>\n","protected":false},"excerpt":{"rendered":"<p>Der Elternbeirat Gew\u00e4hlte Elternbeiratsvorsitzende f\u00fcr das laufende Schuljahr sind Frau Yvonne Schmidt sowie\u00a0 Stellvertreter Herr Nizar Murad. Der Elternbeirat f\u00f6rdert die Anteilnahme der Eltern am Schulleben, greift W\u00fcnsche und Anregungen aus Elternkreisen auf und setzt sich f\u00fcr die Belange der Schule ein.<\/p>\n","protected":false},"author":1,"featured_media":0,"parent":5,"menu_order":5,"comment_status":"closed","ping_status":"closed","template":"","meta":{"_crdt_document":"","footnotes":""},"class_list":["post-12","page","type-page","status-publish","hentry"],"_links":{"self":[{"href":"https:\/\/mozartschule-mannheim.de\/index.php?rest_route=\/wp\/v2\/pages\/12","targetHints":{"allow":["GET"]}}],"collection":[{"href":"https:\/\/mozartschule-mannheim.de\/index.php?rest_route=\/wp\/v2\/pages"}],"about":[{"href":"https:\/\/mozartschule-mannheim.de\/index.php?rest_route=\/wp\/v2\/types\/page"}],"author":[{"embeddable":true,"href":"https:\/\/mozartschule-mannheim.de\/index.php?rest_route=\/wp\/v2\/users\/1"}],"replies":[{"embeddable":true,"href":"https:\/\/mozartschule-mannheim.de\/index.php?rest_route=%2Fwp%2Fv2%2Fcomments&post=12"}],"version-history":[{"count":12,"href":"https:\/\/mozartschule-mannheim.de\/index.php?rest_route=\/wp\/v2\/pages\/12\/revisions"}],"predecessor-version":[{"id":766,"href":"https:\/\/mozartschule-mannheim.de\/index.php?rest_route=\/wp\/v2\/pages\/12\/revisions\/766"}],"up":[{"embeddable":true,"href":"https:\/\/mozartschule-mannheim.de\/index.php?rest_route=\/wp\/v2\/pages\/5"}],"wp:attachment":[{"href":"https:\/\/mozartschule-mannheim.de\/index.php?rest_route=%2Fwp%2Fv2%2Fmedia&parent=12"}],"curies":[{"name":"wp","href":"https:\/\/api.w.org\/{rel}","templated":true}]}}