{"id":18,"date":"2018-07-17T15:13:06","date_gmt":"2018-07-17T15:13:06","guid":{"rendered":"http:\/\/mozartschule-mannheim.de\/?page_id=18"},"modified":"2025-03-12T09:19:38","modified_gmt":"2025-03-12T07:19:38","slug":"foerderverein","status":"publish","type":"page","link":"https:\/\/mozartschule-mannheim.de\/?page_id=18","title":{"rendered":"F\u00f6rderverein"},"content":{"rendered":"<p style=\"text-align: justify;\">Vorsitzende:\u2028 Julia Kr\u00e4mer, \u00a0Yvonne Schmidt, Barbara Schneider-Zuschlag<\/p>\n<p style=\"text-align: justify;\">Der F\u00f6rderverein der Mozartschule wurde als gemeinn\u00fctziger Verein gegr\u00fcndet mit dem Ziel, die Schule dort finanziell zu unterst\u00fctzen, wo \u00f6ffentliche Mittel nicht zur Verf\u00fcgung stehen.\u2028 Weitere Einzelheiten k\u00f6nnen Sie in der <a href=\"http:\/\/mozartschule-mannheim.de\/wp-content\/uploads\/2023\/03\/Satzung.pdf\">Satzung<\/a> nachlesen.<\/p>\n<p style=\"text-align: justify;\">Wir brauchen kontinuierlich neue Mitglieder, um weiterhin im Sinne unserer Sch\u00fcler aktiv zu bleiben! Werden Sie Mitglied, denn so k\u00f6nnen auch Sie zu einem gelungenen Schulalltag Ihres Kindes beitragen.<\/p>\n<p style=\"text-align: justify;\"><a href=\"http:\/\/mozartschule-mannheim.de\/wp-content\/uploads\/2019\/01\/Beitrittserkl\u00e4rung.pdf\">Hier<\/a> haben Sie die M\u00f6glichkeit, Ihr\u00a0Beitrittsformular sofort auszudrucken. Der Jahresbeitrag betr\u00e4gt 10 Euro. Auch einmalige, projektbezogene Spenden sind jederzeit sehr willkommen. Denken Sie daran, dass Spenden steuerlich absetzbar sind.<\/p>\n<p style=\"text-align: justify;\">Sie k\u00f6nnen uns bei Nachfragen gerne per email kontaktieren unter:<\/p>\n<p><a href=\"mailto:info@christophwittmann.de\">Vorstand\u00a0F\u00f6rderverein<\/a><\/p>\n<p style=\"text-align: center;\">Bankverbindung:<\/p>\n<p style=\"text-align: center;\">IBAN: DE31 6709 0000 0007 3626 09<\/p>\n<p style=\"text-align: center;\">BIC: GENODE61MA2<\/p>\n","protected":false},"excerpt":{"rendered":"<p>Vorsitzende:\u2028 Julia Kr\u00e4mer, \u00a0Yvonne Schmidt, Barbara Schneider-Zuschlag Der F\u00f6rderverein der Mozartschule wurde als gemeinn\u00fctziger Verein gegr\u00fcndet mit dem Ziel, die Schule dort finanziell zu unterst\u00fctzen, wo \u00f6ffentliche Mittel nicht zur Verf\u00fcgung stehen.\u2028 Weitere Einzelheiten k\u00f6nnen Sie in der Satzung nachlesen. Wir brauchen kontinuierlich neue Mitglieder, um weiterhin im Sinne unserer Sch\u00fcler aktiv zu bleiben! Werden [&hellip;]<\/p>\n","protected":false},"author":1,"featured_media":0,"parent":5,"menu_order":12,"comment_status":"closed","ping_status":"closed","template":"","meta":{"_crdt_document":"","footnotes":""},"class_list":["post-18","page","type-page","status-publish","hentry"],"_links":{"self":[{"href":"https:\/\/mozartschule-mannheim.de\/index.php?rest_route=\/wp\/v2\/pages\/18","targetHints":{"allow":["GET"]}}],"collection":[{"href":"https:\/\/mozartschule-mannheim.de\/index.php?rest_route=\/wp\/v2\/pages"}],"about":[{"href":"https:\/\/mozartschule-mannheim.de\/index.php?rest_route=\/wp\/v2\/types\/page"}],"author":[{"embeddable":true,"href":"https:\/\/mozartschule-mannheim.de\/index.php?rest_route=\/wp\/v2\/users\/1"}],"replies":[{"embeddable":true,"href":"https:\/\/mozartschule-mannheim.de\/index.php?rest_route=%2Fwp%2Fv2%2Fcomments&post=18"}],"version-history":[{"count":20,"href":"https:\/\/mozartschule-mannheim.de\/index.php?rest_route=\/wp\/v2\/pages\/18\/revisions"}],"predecessor-version":[{"id":929,"href":"https:\/\/mozartschule-mannheim.de\/index.php?rest_route=\/wp\/v2\/pages\/18\/revisions\/929"}],"up":[{"embeddable":true,"href":"https:\/\/mozartschule-mannheim.de\/index.php?rest_route=\/wp\/v2\/pages\/5"}],"wp:attachment":[{"href":"https:\/\/mozartschule-mannheim.de\/index.php?rest_route=%2Fwp%2Fv2%2Fmedia&parent=18"}],"curies":[{"name":"wp","href":"https:\/\/api.w.org\/{rel}","templated":true}]}}