{"id":24,"date":"2018-07-17T19:51:29","date_gmt":"2018-07-17T19:51:29","guid":{"rendered":"http:\/\/mozartschule-mannheim.de\/?page_id=24"},"modified":"2025-03-12T09:16:22","modified_gmt":"2025-03-12T07:16:22","slug":"kontakt","status":"publish","type":"page","link":"https:\/\/mozartschule-mannheim.de\/?page_id=24","title":{"rendered":"Kontakt"},"content":{"rendered":"\n<p class=\"has-text-align-center wp-block-paragraph\"><b>Mozartschule<br>\nR 2, 2<br>\n68161 Mannheim<\/b><\/p>\n\n\n\n<figure class=\"wp-block-image aligncenter size-full is-resized\"><img loading=\"lazy\" decoding=\"async\" width=\"430\" height=\"471\" src=\"http:\/\/mozartschule-mannheim.de\/wp-content\/uploads\/2021\/07\/Bild-Martina.jpg\" alt=\"\" class=\"wp-image-629\" style=\"width:217px;height:auto\" srcset=\"https:\/\/mozartschule-mannheim.de\/wp-content\/uploads\/2021\/07\/Bild-Martina.jpg 430w, https:\/\/mozartschule-mannheim.de\/wp-content\/uploads\/2021\/07\/Bild-Martina-274x300.jpg 274w\" sizes=\"auto, (max-width: 430px) 100vw, 430px\" \/><\/figure>\n\n\n\n<p class=\"has-text-align-center wp-block-paragraph\"><\/p>\n\n\n\n<p class=\"has-text-align-center wp-block-paragraph\"><b>Tel.: 0621-2933051 (Sekretariat: Frau Kandlbinder)<br>\nFax: 0621-2933052<br>\nE-Mail: <\/b><a href=\"mailto:martina.kandlbinder@mannheim.de\"><b>Sekretariat<\/b><\/a><\/p>\n\n\n\n<figure class=\"wp-block-image aligncenter\"><img loading=\"lazy\" decoding=\"async\" width=\"200\" height=\"300\" src=\"http:\/\/mozartschule-mannheim.de\/wp-content\/uploads\/2024\/07\/877821080-200x300.jpg\" alt=\"\" class=\"wp-image-836\" srcset=\"https:\/\/mozartschule-mannheim.de\/wp-content\/uploads\/2024\/07\/877821080-200x300.jpg 200w, https:\/\/mozartschule-mannheim.de\/wp-content\/uploads\/2024\/07\/877821080.jpg 400w\" sizes=\"auto, (max-width: 200px) 100vw, 200px\" \/><\/figure>\n\n\n\n<p class=\"has-text-align-center wp-block-paragraph\"><\/p>\n\n\n\n<p class=\"has-text-align-center wp-block-paragraph\"><b>Hausmeister: Herr Kolz<\/b><\/p>\n\n\n\n<p class=\"has-text-align-center wp-block-paragraph\"><b>Tel.: 0162-2938740<\/b><\/p>\n\n\n\n<p class=\"has-text-align-center wp-block-paragraph\"><b>Anreise:<\/b><\/p>\n\n\n\n<p class=\"has-text-align-center wp-block-paragraph\">Stra\u00dfenbahn: Haltestelle Marktplatz (2 Minuten zu Fu\u00df)<\/p>\n\n\n\n<p class=\"has-text-align-center wp-block-paragraph\">Parkpl\u00e4tze stehen leider nur in einer sehr beschr\u00e4nkten Anzahl zur Verf\u00fcgung!<\/p>\n\n\n\n<p class=\"has-text-align-center wp-block-paragraph\">Fahrradabstellpl\u00e4tze k\u00f6nnen nach telefonischer Anmeldung bereitgestellt werden.<\/p>\n\n\n\n<h2 class=\"wp-block-heading\">Schulwegplan der Mozartschule &#8211; <\/h2>\n\n\n\n<figure class=\"wp-block-image size-large\"><img loading=\"lazy\" decoding=\"async\" width=\"724\" height=\"1024\" src=\"https:\/\/mozartschule-mannheim.de\/wp-content\/uploads\/2025\/03\/schulwegplan-724x1024.jpg\" alt=\"\" class=\"wp-image-919\" srcset=\"https:\/\/mozartschule-mannheim.de\/wp-content\/uploads\/2025\/03\/schulwegplan-724x1024.jpg 724w, https:\/\/mozartschule-mannheim.de\/wp-content\/uploads\/2025\/03\/schulwegplan-212x300.jpg 212w, https:\/\/mozartschule-mannheim.de\/wp-content\/uploads\/2025\/03\/schulwegplan-768x1086.jpg 768w, https:\/\/mozartschule-mannheim.de\/wp-content\/uploads\/2025\/03\/schulwegplan-1087x1536.jpg 1087w, https:\/\/mozartschule-mannheim.de\/wp-content\/uploads\/2025\/03\/schulwegplan-1449x2048.jpg 1449w, https:\/\/mozartschule-mannheim.de\/wp-content\/uploads\/2025\/03\/schulwegplan.jpg 1654w\" sizes=\"auto, (max-width: 724px) 100vw, 724px\" \/><figcaption class=\"wp-element-caption\">Der Schulwegplan unserer Mozartschule soll beim Finden des sichersten Schulwegs behilflich sein. Zu Beginn jedes Schuljahr beteiligt sich der Fachbereich Sicherheit und Ordnung an der landesweiten Aktion &#8222;Sicherer Schulweg&#8220;. Die von den Kindern h\u00e4ufig genutzten Schulwege werden dann gezielt unter die Lupe genommen um Verkehrsunf\u00e4lle mit Schulkindern zu vermeiden. <\/figcaption><\/figure>\n","protected":false},"excerpt":{"rendered":"<p>Mozartschule R 2, 2 68161 Mannheim Tel.: 0621-2933051 (Sekretariat: Frau Kandlbinder) Fax: 0621-2933052 E-Mail: Sekretariat Hausmeister: Herr Kolz Tel.: 0162-2938740 Anreise: Stra\u00dfenbahn: Haltestelle Marktplatz (2 Minuten zu Fu\u00df) Parkpl\u00e4tze stehen leider nur in einer sehr beschr\u00e4nkten Anzahl zur Verf\u00fcgung! Fahrradabstellpl\u00e4tze k\u00f6nnen nach telefonischer Anmeldung bereitgestellt werden. Schulwegplan der Mozartschule &#8211;<\/p>\n","protected":false},"author":1,"featured_media":0,"parent":5,"menu_order":16,"comment_status":"closed","ping_status":"closed","template":"","meta":{"_crdt_document":"","footnotes":""},"class_list":["post-24","page","type-page","status-publish","hentry"],"_links":{"self":[{"href":"https:\/\/mozartschule-mannheim.de\/index.php?rest_route=\/wp\/v2\/pages\/24","targetHints":{"allow":["GET"]}}],"collection":[{"href":"https:\/\/mozartschule-mannheim.de\/index.php?rest_route=\/wp\/v2\/pages"}],"about":[{"href":"https:\/\/mozartschule-mannheim.de\/index.php?rest_route=\/wp\/v2\/types\/page"}],"author":[{"embeddable":true,"href":"https:\/\/mozartschule-mannheim.de\/index.php?rest_route=\/wp\/v2\/users\/1"}],"replies":[{"embeddable":true,"href":"https:\/\/mozartschule-mannheim.de\/index.php?rest_route=%2Fwp%2Fv2%2Fcomments&post=24"}],"version-history":[{"count":14,"href":"https:\/\/mozartschule-mannheim.de\/index.php?rest_route=\/wp\/v2\/pages\/24\/revisions"}],"predecessor-version":[{"id":928,"href":"https:\/\/mozartschule-mannheim.de\/index.php?rest_route=\/wp\/v2\/pages\/24\/revisions\/928"}],"up":[{"embeddable":true,"href":"https:\/\/mozartschule-mannheim.de\/index.php?rest_route=\/wp\/v2\/pages\/5"}],"wp:attachment":[{"href":"https:\/\/mozartschule-mannheim.de\/index.php?rest_route=%2Fwp%2Fv2%2Fmedia&parent=24"}],"curies":[{"name":"wp","href":"https:\/\/api.w.org\/{rel}","templated":true}]}}