{"id":349,"date":"2018-12-20T23:07:25","date_gmt":"2018-12-20T21:07:25","guid":{"rendered":"http:\/\/mozartschule-mannheim.de\/?page_id=349"},"modified":"2026-01-28T09:03:30","modified_gmt":"2026-01-28T07:03:30","slug":"aktuelles","status":"publish","type":"page","link":"https:\/\/mozartschule-mannheim.de\/?page_id=349","title":{"rendered":"Aktuelles"},"content":{"rendered":"\n<h1 class=\"wp-block-heading\"><strong>Lesung und Druckworkshop<\/strong><\/h1>\n\n\n\n<p class=\"wp-block-paragraph\">Im Dezember fand eine von drei Autorenlesungen mit dem Autor Holger Montag f\u00fcr unsere 3. Klassen statt. Im anschlie\u00dfenden Druckworkshop hatten die Kinder die M\u00f6glichkeit, ihre Eindr\u00fccke direkt kreativ umzusetzen.<\/p>\n\n\n\n<figure class=\"wp-block-image size-large\"><img loading=\"lazy\" decoding=\"async\" width=\"1024\" height=\"1024\" src=\"https:\/\/mozartschule-mannheim.de\/wp-content\/uploads\/2026\/01\/MOLDIV-001-2-1-1024x1024.jpg\" alt=\"\" class=\"wp-image-1003\" srcset=\"https:\/\/mozartschule-mannheim.de\/wp-content\/uploads\/2026\/01\/MOLDIV-001-2-1-1024x1024.jpg 1024w, https:\/\/mozartschule-mannheim.de\/wp-content\/uploads\/2026\/01\/MOLDIV-001-2-1-300x300.jpg 300w, https:\/\/mozartschule-mannheim.de\/wp-content\/uploads\/2026\/01\/MOLDIV-001-2-1-150x150.jpg 150w, https:\/\/mozartschule-mannheim.de\/wp-content\/uploads\/2026\/01\/MOLDIV-001-2-1-768x768.jpg 768w, https:\/\/mozartschule-mannheim.de\/wp-content\/uploads\/2026\/01\/MOLDIV-001-2-1-1536x1536.jpg 1536w, https:\/\/mozartschule-mannheim.de\/wp-content\/uploads\/2026\/01\/MOLDIV-001-2-1-2048x2048.jpg 2048w\" sizes=\"auto, (max-width: 1024px) 100vw, 1024px\" \/><\/figure>\n\n\n\n<h2 class=\"wp-block-heading\"><strong>Treffen der Kulturschule<\/strong><\/h2>\n\n\n\n<h2 class=\"wp-block-heading\"><strong>Flurkonzert R2<\/strong><\/h2>\n\n\n\n<h2 class=\"wp-block-heading\"><strong>Einschulung 2025<\/strong><\/h2>\n\n\n\n<p class=\"wp-block-paragraph\">Wir freuen uns in R2 und in M6 \u00fcber unsere drei neuen ersten Klassen. <br>Herzlich Willkommen an der Mozartschule!<\/p>\n\n\n\n<figure class=\"wp-block-image size-large\"><img loading=\"lazy\" decoding=\"async\" width=\"1024\" height=\"1024\" src=\"https:\/\/mozartschule-mannheim.de\/wp-content\/uploads\/2026\/01\/MOLDIV-001-2-1024x1024.jpg\" alt=\"\" class=\"wp-image-1002\" srcset=\"https:\/\/mozartschule-mannheim.de\/wp-content\/uploads\/2026\/01\/MOLDIV-001-2-1024x1024.jpg 1024w, https:\/\/mozartschule-mannheim.de\/wp-content\/uploads\/2026\/01\/MOLDIV-001-2-300x300.jpg 300w, https:\/\/mozartschule-mannheim.de\/wp-content\/uploads\/2026\/01\/MOLDIV-001-2-150x150.jpg 150w, https:\/\/mozartschule-mannheim.de\/wp-content\/uploads\/2026\/01\/MOLDIV-001-2-768x768.jpg 768w, https:\/\/mozartschule-mannheim.de\/wp-content\/uploads\/2026\/01\/MOLDIV-001-2-1536x1536.jpg 1536w, https:\/\/mozartschule-mannheim.de\/wp-content\/uploads\/2026\/01\/MOLDIV-001-2-2048x2048.jpg 2048w\" sizes=\"auto, (max-width: 1024px) 100vw, 1024px\" \/><\/figure>\n\n\n\n<figure class=\"wp-block-image size-large\"><img loading=\"lazy\" decoding=\"async\" width=\"1024\" height=\"1024\" src=\"https:\/\/mozartschule-mannheim.de\/wp-content\/uploads\/2025\/06\/Artikel_Mannheimer_Morgen-1-1-1024x1024.jpg\" alt=\"\" class=\"wp-image-959\" srcset=\"https:\/\/mozartschule-mannheim.de\/wp-content\/uploads\/2025\/06\/Artikel_Mannheimer_Morgen-1-1-1024x1024.jpg 1024w, https:\/\/mozartschule-mannheim.de\/wp-content\/uploads\/2025\/06\/Artikel_Mannheimer_Morgen-1-1-300x300.jpg 300w, https:\/\/mozartschule-mannheim.de\/wp-content\/uploads\/2025\/06\/Artikel_Mannheimer_Morgen-1-1-150x150.jpg 150w, https:\/\/mozartschule-mannheim.de\/wp-content\/uploads\/2025\/06\/Artikel_Mannheimer_Morgen-1-1-768x767.jpg 768w, https:\/\/mozartschule-mannheim.de\/wp-content\/uploads\/2025\/06\/Artikel_Mannheimer_Morgen-1-1-100x100.jpg 100w, https:\/\/mozartschule-mannheim.de\/wp-content\/uploads\/2025\/06\/Artikel_Mannheimer_Morgen-1-1.jpg 1240w\" sizes=\"auto, (max-width: 1024px) 100vw, 1024px\" \/><\/figure>\n\n\n\n<p class=\"has-text-align-center wp-block-paragraph\">Die Mozartschule in der Zeitung &#8211; Ein Artikel des Mannheimer Morgens zu unserem Schulkonzert<\/p>\n\n\n\n<h2 class=\"wp-block-heading\"><strong><mark style=\"background-color:rgba(0, 0, 0, 0)\" class=\"has-inline-color has-luminous-vivid-orange-color\">Schulkonferenz verabschiedet neue Hausordnung<\/mark><\/strong> <br>&#8211; \u00c4nderungen in orange<\/h2>\n\n\n\n<h3 class=\"wp-block-heading\"><strong>Hausordnung<\/strong><\/h3>\n\n\n\n<p class=\"wp-block-paragraph\">Wir alle wollen uns in unserer Schule wohlf\u00fchlen. Deshalb nehmen wir R\u00fccksicht auf unsere Mitsch\u00fcler und halten uns an die besprochenen Regeln.<\/p>\n\n\n\n<ol class=\"wp-block-list\">\n<li>Wir gehen h\u00f6flich und hilfsbereit miteinander um und begr\u00fc\u00dfen uns, wenn wir uns begegnen.<\/li>\n\n\n\n<li>Streitigkeiten l\u00f6sen wir friedlich und ohne Gewalt. Wir benutzen und beachten die Stopp-Hand!<\/li>\n\n\n\n<li>Wir behandeln alle Sachen sorgsam.<\/li>\n\n\n\n<li>Wir r\u00e4umen unseren M\u00fcll weg und achten auf Sauberkeit.<\/li>\n\n\n\n<li>Mitgebrachte Handys und <mark style=\"background-color:rgba(0, 0, 0, 0)\" class=\"has-inline-color has-luminous-vivid-orange-color\">Smartwatches<\/mark> lassen wir w\u00e4hrend der Schulzeit ausgeschaltet im Schulranzen <mark style=\"background-color:rgba(0, 0, 0, 0)\" class=\"has-inline-color has-luminous-vivid-orange-color\">bzw. im Schulmodus<\/mark>.<\/li>\n\n\n\n<li>Wir verhalten uns im Schulhaus ruhig und wir rennen nicht.<\/li>\n\n\n\n<li>Jacken h\u00e4ngen wir an die Garderobe und passen auf, dass nichts herunterf\u00e4llt!<\/li>\n\n\n\n<li>Wir halten die Toiletten sauber.<\/li>\n\n\n\n<li>Wir stellen uns im Schulhof an unserem Treffpunkt auf und gehen gemeinsam mit dem Lehrer ins Schulgeb\u00e4ude.<\/li>\n\n\n\n<li>Wir halten uns an die Anweisungen der Pausenaufsicht und akzeptieren die Streitschlichter.<\/li>\n\n\n\n<li>Wir verlassen das Schulgel\u00e4nde w\u00e4hrend der Unterrichtszeit nicht.<\/li>\n\n\n\n<li><mark style=\"background-color:rgba(0, 0, 0, 0)\" class=\"has-inline-color has-luminous-vivid-orange-color\">Nach Schulschluss verlassen wir das Schulgel\u00e4nde z\u00fcgig. Das Spielen und Klettern ist dann nicht mehr erlaubt.<\/mark><\/li>\n<\/ol>\n\n\n\n<p class=\"wp-block-paragraph\"><strong>Hausordnung f\u00fcr die Eltern<\/strong><\/p>\n\n\n\n<ol class=\"wp-block-list\">\n<li>Eltern verabschieden und <mark style=\"background-color:rgba(0, 0, 0, 0)\" class=\"has-inline-color has-luminous-vivid-orange-color\">empfangen ihre Kinder am Schultor<\/mark>.<\/li>\n\n\n\n<li>Der Zutritt zur Schule w\u00e4hrend der Unterrichtszeit ist aus Sicherheitsgr\u00fcnden nur den Sch\u00fclern, Lehrern und Angestellten gestattet.<\/li>\n\n\n\n<li>Ausnahmen bilden Notf\u00e4lle, besondere Veranstaltungen und Termine, die mit Lehrer\/innen oder der Schulleitung\/Sekret\u00e4rin vereinbart wurden.<\/li>\n\n\n\n<li><mark style=\"background-color:rgba(0, 0, 0, 0)\" class=\"has-inline-color has-luminous-vivid-orange-color\">Eltern lassen ihre Kinder w\u00e4hrend des gesamten Schulmorgens ungest\u00f6rt, vor allem sollen sich die Kinder in der Pause frei entfalten k\u00f6nnen &#8211; ohne Beobachtung und Kontaktaufnahme durch Eltern am Zaun.<\/mark><\/li>\n\n\n\n<li>Wenn Ihr Kind erkrankt ist, entschuldigen Sie es bitte bereits am ersten Fehltag telefonisch unter folgender Nummer: 293-3051&nbsp; oder per Mail an <a href=\"mailto:martina.kandlbinder@mannheim.de\">martina.kandlbinder@mannheim.de<\/a> (Mozartschule R2 und M6). Innerhalb von 3 Tagen muss zus\u00e4tzlich eine schriftliche Entschuldigung folgen.<\/li>\n\n\n\n<li>F\u00fcr das Sekretariat der Mozartschule gelten folgende \u00d6ffnungszeiten: Mo., Di., Mi., Do., von 8 Uhr &#8211; 12.15 Uhr.<\/li>\n\n\n\n<li>Alle Schulb\u00fccher m\u00fcssen eingebunden werden. Bei Besch\u00e4digung m\u00fcssen diese ersetzt werden.<\/li>\n\n\n\n<li>Auf dem gesamten Schulgel\u00e4nde ist Rauchverbot und <mark style=\"background-color:rgba(0, 0, 0, 0)\" class=\"has-inline-color has-luminous-vivid-orange-color\">handyfreie Zone<\/mark>.<\/li>\n\n\n\n<li>Auf dem Schulhof und im Schulgeb\u00e4ude haben fremde Hunde keinen Zutritt (es sei denn nach Absprache).<\/li>\n\n\n\n<li>&nbsp;Die Aufsichtspflicht der Lehrer endet nach dem Schulschluss. Eine \u00dcberbr\u00fcckung bis zu Nachmittagsangeboten (z.B. muttersprachlicher Unterricht) k\u00f6nnen wir nicht leisten, daher m\u00fcssen Kinder den Schulhof nach Schulschluss z\u00fcgig verlassen.<\/li>\n<\/ol>\n\n\n\n<h2 class=\"wp-block-heading\">Kinderspiele neu entdeckt<\/h2>\n\n\n\n<p class=\"wp-block-paragraph\">Gummitwist, Seilspringen und Co. k\u00f6nnen die Kinder der Eingangsklassen in dem Projekt mit unserer Sozialarbeiterin Frau Gruber neu entdecken. <\/p>\n\n\n\n<p class=\"wp-block-paragraph\"><\/p>\n\n\n\n<p class=\"wp-block-paragraph\">Mozartschule Mannheim wird Kulturschule!<\/p>\n\n\n\n<figure class=\"wp-block-image aligncenter size-full is-resized\"><img loading=\"lazy\" decoding=\"async\" width=\"827\" height=\"822\" src=\"https:\/\/mozartschule-mannheim.de\/wp-content\/uploads\/2025\/02\/KUSU_komplett_rgb-1.png\" alt=\"\" class=\"wp-image-914\" style=\"width:362px;height:auto\" srcset=\"https:\/\/mozartschule-mannheim.de\/wp-content\/uploads\/2025\/02\/KUSU_komplett_rgb-1.png 827w, https:\/\/mozartschule-mannheim.de\/wp-content\/uploads\/2025\/02\/KUSU_komplett_rgb-1-300x298.png 300w, https:\/\/mozartschule-mannheim.de\/wp-content\/uploads\/2025\/02\/KUSU_komplett_rgb-1-150x150.png 150w, https:\/\/mozartschule-mannheim.de\/wp-content\/uploads\/2025\/02\/KUSU_komplett_rgb-1-768x763.png 768w, https:\/\/mozartschule-mannheim.de\/wp-content\/uploads\/2025\/02\/KUSU_komplett_rgb-1-100x100.png 100w\" sizes=\"auto, (max-width: 827px) 100vw, 827px\" \/><\/figure>\n\n\n\n<p class=\"wp-block-paragraph\">Die Mozartschule Mannheim darf sich \u00fcber eine Auszeichnung als \u201eKulturschule in Baden-W\u00fcrttemberg\u201c freuen, die in Ba-W\u00fc nur 40 Schulen zuteil wird. Damit wird das langj\u00e4hrige Engagement der Schule gew\u00fcrdigt, das musische und k\u00fcnstlerische Projekte fest in das Schulkonzept integriert. Zahlreiche neue Projekte k\u00f6nnen erm\u00f6glicht werden.<\/p>\n\n\n\n<p class=\"wp-block-paragraph\">Im ersten Halbjahr diesen Schuljahrs konntendie Klassen 3 und 4 in den Druckwerkst\u00e4tten des Bezirksverband Bildender K\u00fcnstler und K\u00fcnstlerinnen Mannheim&nbsp; die Kulturtechnik des Druckens hautnah erleben und selbst kreativ t\u00e4tig werden. Erste Zug\u00e4nge zur Welt der K\u00fcnste erfuhren die ersten Klassen bei einem Besuch der Kunsthalle Mannheims.<\/p>\n\n\n\n<figure class=\"wp-block-gallery has-nested-images columns-default is-cropped wp-block-gallery-1 is-layout-flex wp-block-gallery-is-layout-flex\">\n<figure class=\"wp-block-image size-large\"><img loading=\"lazy\" decoding=\"async\" width=\"1024\" height=\"1024\" data-id=\"912\" src=\"https:\/\/mozartschule-mannheim.de\/wp-content\/uploads\/2025\/02\/Kulturschule_Besuch_Druckwerkstaetten-1024x1024.jpg\" alt=\"\" class=\"wp-image-912\" srcset=\"https:\/\/mozartschule-mannheim.de\/wp-content\/uploads\/2025\/02\/Kulturschule_Besuch_Druckwerkstaetten-1024x1024.jpg 1024w, https:\/\/mozartschule-mannheim.de\/wp-content\/uploads\/2025\/02\/Kulturschule_Besuch_Druckwerkstaetten-300x300.jpg 300w, https:\/\/mozartschule-mannheim.de\/wp-content\/uploads\/2025\/02\/Kulturschule_Besuch_Druckwerkstaetten-150x150.jpg 150w, https:\/\/mozartschule-mannheim.de\/wp-content\/uploads\/2025\/02\/Kulturschule_Besuch_Druckwerkstaetten-768x768.jpg 768w, https:\/\/mozartschule-mannheim.de\/wp-content\/uploads\/2025\/02\/Kulturschule_Besuch_Druckwerkstaetten-1536x1536.jpg 1536w, https:\/\/mozartschule-mannheim.de\/wp-content\/uploads\/2025\/02\/Kulturschule_Besuch_Druckwerkstaetten-2048x2048.jpg 2048w, https:\/\/mozartschule-mannheim.de\/wp-content\/uploads\/2025\/02\/Kulturschule_Besuch_Druckwerkstaetten-100x100.jpg 100w\" sizes=\"auto, (max-width: 1024px) 100vw, 1024px\" \/><\/figure>\n<\/figure>\n\n\n\n<h2 class=\"wp-block-heading\"><strong>Weihnachtskonzert in der &#8222;kleinen&#8220; Mozartschule<\/strong><\/h2>\n\n\n\n<p class=\"wp-block-paragraph\">In M6 wurde das Jahr 2024 musikalisch verabschiedet. Mit einem Weihnachtskonzert beendeten die Sch\u00fclerinnen und Sch\u00fcler der &#8222;kleinen&#8220; Mozartschule das Kalenderjahr. Wir freuen uns schon auf viele musikalische Aktionen im Jahr 2025. <\/p>\n\n\n\n<figure class=\"wp-block-image size-large\"><img loading=\"lazy\" decoding=\"async\" width=\"1024\" height=\"860\" src=\"https:\/\/mozartschule-mannheim.de\/wp-content\/uploads\/2025\/03\/IMG_7731-1024x860.jpg\" alt=\"\" class=\"wp-image-924\" srcset=\"https:\/\/mozartschule-mannheim.de\/wp-content\/uploads\/2025\/03\/IMG_7731-1024x860.jpg 1024w, https:\/\/mozartschule-mannheim.de\/wp-content\/uploads\/2025\/03\/IMG_7731-300x252.jpg 300w, https:\/\/mozartschule-mannheim.de\/wp-content\/uploads\/2025\/03\/IMG_7731-768x645.jpg 768w, https:\/\/mozartschule-mannheim.de\/wp-content\/uploads\/2025\/03\/IMG_7731-1536x1290.jpg 1536w, https:\/\/mozartschule-mannheim.de\/wp-content\/uploads\/2025\/03\/IMG_7731-2048x1720.jpg 2048w\" sizes=\"auto, (max-width: 1024px) 100vw, 1024px\" \/><\/figure>\n\n\n\n<h2 class=\"wp-block-heading\">Einschulung 2024<\/h2>\n\n\n\n<p class=\"wp-block-paragraph\">Wir freuen uns in R2 und in M6 \u00fcber unsere drei neuen ersten Klassen. Herzlich Willkommen an der Mozartschule!<\/p>\n\n\n\n<figure class=\"wp-block-image size-large\"><img loading=\"lazy\" decoding=\"async\" width=\"1024\" height=\"716\" src=\"https:\/\/mozartschule-mannheim.de\/wp-content\/uploads\/2024\/09\/IMG_40301-1024x716.jpg\" alt=\"\" class=\"wp-image-881\" srcset=\"https:\/\/mozartschule-mannheim.de\/wp-content\/uploads\/2024\/09\/IMG_40301-1024x716.jpg 1024w, https:\/\/mozartschule-mannheim.de\/wp-content\/uploads\/2024\/09\/IMG_40301-300x210.jpg 300w, https:\/\/mozartschule-mannheim.de\/wp-content\/uploads\/2024\/09\/IMG_40301-768x537.jpg 768w, https:\/\/mozartschule-mannheim.de\/wp-content\/uploads\/2024\/09\/IMG_40301-1536x1075.jpg 1536w, https:\/\/mozartschule-mannheim.de\/wp-content\/uploads\/2024\/09\/IMG_40301-2048x1433.jpg 2048w\" sizes=\"auto, (max-width: 1024px) 100vw, 1024px\" \/><figcaption class=\"wp-element-caption\">Einschulung in R2 und M6 mit Luftballons und Mozartkeksen<\/figcaption><\/figure>\n\n\n\n<h2 class=\"wp-block-heading\"><strong>Flashmob<\/strong><\/h2>\n\n\n\n<p class=\"wp-block-paragraph\">Mit einem Tanz-Flashmob verabschiedete die ganze Mozartschule in R2 und in M6 sich in die Sommerferien. <\/p>\n\n\n\n<figure class=\"wp-block-image size-large\"><img loading=\"lazy\" decoding=\"async\" width=\"1024\" height=\"1024\" src=\"https:\/\/mozartschule-mannheim.de\/wp-content\/uploads\/2024\/09\/IMG_3931-1024x1024.jpeg\" alt=\"\" class=\"wp-image-869\" srcset=\"https:\/\/mozartschule-mannheim.de\/wp-content\/uploads\/2024\/09\/IMG_3931-1024x1024.jpeg 1024w, https:\/\/mozartschule-mannheim.de\/wp-content\/uploads\/2024\/09\/IMG_3931-300x300.jpeg 300w, https:\/\/mozartschule-mannheim.de\/wp-content\/uploads\/2024\/09\/IMG_3931-150x150.jpeg 150w, https:\/\/mozartschule-mannheim.de\/wp-content\/uploads\/2024\/09\/IMG_3931-768x768.jpeg 768w, https:\/\/mozartschule-mannheim.de\/wp-content\/uploads\/2024\/09\/IMG_3931-1536x1536.jpeg 1536w, https:\/\/mozartschule-mannheim.de\/wp-content\/uploads\/2024\/09\/IMG_3931-2048x2048.jpeg 2048w, https:\/\/mozartschule-mannheim.de\/wp-content\/uploads\/2024\/09\/IMG_3931-100x100.jpeg 100w\" sizes=\"auto, (max-width: 1024px) 100vw, 1024px\" \/><figcaption class=\"wp-element-caption\">Im Juli 2024<\/figcaption><\/figure>\n\n\n\n<h2 class=\"wp-block-heading\"><strong>&#8222;Neue&#8220; B\u00fccher<\/strong> f\u00fcr die Leseinsel und f\u00fcr den Unterricht<\/h2>\n\n\n\n<figure class=\"wp-block-image size-large\"><img loading=\"lazy\" decoding=\"async\" width=\"1024\" height=\"768\" src=\"https:\/\/mozartschule-mannheim.de\/wp-content\/uploads\/2024\/07\/IMG_2921-1024x768.jpg\" alt=\"\" class=\"wp-image-853\" srcset=\"https:\/\/mozartschule-mannheim.de\/wp-content\/uploads\/2024\/07\/IMG_2921-1024x768.jpg 1024w, https:\/\/mozartschule-mannheim.de\/wp-content\/uploads\/2024\/07\/IMG_2921-300x225.jpg 300w, https:\/\/mozartschule-mannheim.de\/wp-content\/uploads\/2024\/07\/IMG_2921-768x576.jpg 768w, https:\/\/mozartschule-mannheim.de\/wp-content\/uploads\/2024\/07\/IMG_2921-1536x1152.jpg 1536w, https:\/\/mozartschule-mannheim.de\/wp-content\/uploads\/2024\/07\/IMG_2921-2048x1536.jpg 2048w\" sizes=\"auto, (max-width: 1024px) 100vw, 1024px\" \/><figcaption class=\"wp-element-caption\">Durch die Unterst\u00fctzung des F\u00f6rdervereins konnten wir uns beim gro\u00dfen B\u00fccherflohmarkt der Kinder- und Jugendbibliothek im Dalberghaus mit tollen B\u00fcchern eindecken. So haben wir nun neuen Lesestoff f\u00fcr die Leseinsel und neue Ganzschriften f\u00fcr den Unterricht. Wir freuen uns schon auf ein b\u00fccherreiches neues Schuljahr.<\/figcaption><\/figure>\n\n\n\n<h2 class=\"wp-block-heading\">Projekttage 2024<\/h2>\n\n\n\n<p class=\"wp-block-paragraph\">Anfang Mai haben unsere bunten Projekttage stattgefunden. Die Kinder in Klasse 1 und 2 von R2 haben Musikinstrumente gebaut, tauchten k\u00fcnstlerisch in die Unterwasserwelt ein und lernten in den Bewegungsangeboten viele neue Spiele f\u00fcr den Pausenhof kennen.<\/p>\n\n\n\n<p class=\"wp-block-paragraph\">Die Klassen 3 und 4 wandelten auf den Spuren ber\u00fchmter K\u00fcnstler wie Paul Klee, Kandinsky, Miro, Giacometti, Matisse und Jackson Pollock. Es wurde am Tablet gestaltet, wild mit Farbe gespritzt, geschnitten, geklebt gezeichnet und gemalt. Die Kreativit\u00e4t der Sch\u00fclerinnen und Sch\u00fcler stand hier im Vordergrund.&nbsp;<\/p>\n\n\n\n<p class=\"wp-block-paragraph\">In M6 ging es in Klasse 1 und 2 tierisch zu. Zum Thema Frosch, Maus und Hund wurde musiziert, gebacken, gebastelt und allerhand Interessantes gelernt.<\/p>\n\n\n\n<p class=\"wp-block-paragraph\">Die Klassen 3 und 4 der \u201ekleinen\u201c Mozartschule besch\u00e4ftigten sich mit allen Sinnen mit der Erdbeere. Bei einem Ausflug nach Ladenburg pfl\u00fcckten die Kinder Erdbeeren und machten anschlie\u00dfend daraus Marmelade. Sie setzten sich auch kreativ mit der s\u00fc\u00dfen Beere auseinander und pflanzten sie an.<\/p>\n\n\n\n<p class=\"wp-block-paragraph\">An der gro\u00dfen und kleinen Mozartschule hatten wir drei sch\u00f6ne, kreative, leckere und sportliche Projekttage!<\/p>\n\n\n\n<figure class=\"wp-block-image size-large\"><img loading=\"lazy\" decoding=\"async\" width=\"1024\" height=\"1024\" src=\"https:\/\/mozartschule-mannheim.de\/wp-content\/uploads\/2024\/05\/IMG_1615-1024x1024.jpg\" alt=\"\" class=\"wp-image-739\" srcset=\"https:\/\/mozartschule-mannheim.de\/wp-content\/uploads\/2024\/05\/IMG_1615-1024x1024.jpg 1024w, https:\/\/mozartschule-mannheim.de\/wp-content\/uploads\/2024\/05\/IMG_1615-300x300.jpg 300w, https:\/\/mozartschule-mannheim.de\/wp-content\/uploads\/2024\/05\/IMG_1615-150x150.jpg 150w, https:\/\/mozartschule-mannheim.de\/wp-content\/uploads\/2024\/05\/IMG_1615-768x768.jpg 768w, https:\/\/mozartschule-mannheim.de\/wp-content\/uploads\/2024\/05\/IMG_1615-1536x1536.jpg 1536w, https:\/\/mozartschule-mannheim.de\/wp-content\/uploads\/2024\/05\/IMG_1615-2048x2048.jpg 2048w, https:\/\/mozartschule-mannheim.de\/wp-content\/uploads\/2024\/05\/IMG_1615-100x100.jpg 100w\" sizes=\"auto, (max-width: 1024px) 100vw, 1024px\" \/><figcaption class=\"wp-element-caption\">Projekttage 2024<\/figcaption><\/figure>\n\n\n\n<figure class=\"wp-block-image size-large\"><img loading=\"lazy\" decoding=\"async\" width=\"1024\" height=\"1024\" src=\"https:\/\/mozartschule-mannheim.de\/wp-content\/uploads\/2024\/05\/IMG_1617-1024x1024.jpg\" alt=\"\" class=\"wp-image-740\" srcset=\"https:\/\/mozartschule-mannheim.de\/wp-content\/uploads\/2024\/05\/IMG_1617-1024x1024.jpg 1024w, https:\/\/mozartschule-mannheim.de\/wp-content\/uploads\/2024\/05\/IMG_1617-300x300.jpg 300w, https:\/\/mozartschule-mannheim.de\/wp-content\/uploads\/2024\/05\/IMG_1617-150x150.jpg 150w, https:\/\/mozartschule-mannheim.de\/wp-content\/uploads\/2024\/05\/IMG_1617-768x768.jpg 768w, https:\/\/mozartschule-mannheim.de\/wp-content\/uploads\/2024\/05\/IMG_1617-1536x1536.jpg 1536w, https:\/\/mozartschule-mannheim.de\/wp-content\/uploads\/2024\/05\/IMG_1617-2048x2048.jpg 2048w, https:\/\/mozartschule-mannheim.de\/wp-content\/uploads\/2024\/05\/IMG_1617-100x100.jpg 100w\" sizes=\"auto, (max-width: 1024px) 100vw, 1024px\" \/><figcaption class=\"wp-element-caption\">Projekttage 2024<\/figcaption><\/figure>\n\n\n\n<figure class=\"wp-block-image size-large\"><img loading=\"lazy\" decoding=\"async\" width=\"1024\" height=\"1024\" src=\"https:\/\/mozartschule-mannheim.de\/wp-content\/uploads\/2024\/05\/IMG_1620-1024x1024.jpg\" alt=\"\" class=\"wp-image-741\" srcset=\"https:\/\/mozartschule-mannheim.de\/wp-content\/uploads\/2024\/05\/IMG_1620-1024x1024.jpg 1024w, https:\/\/mozartschule-mannheim.de\/wp-content\/uploads\/2024\/05\/IMG_1620-300x300.jpg 300w, https:\/\/mozartschule-mannheim.de\/wp-content\/uploads\/2024\/05\/IMG_1620-150x150.jpg 150w, https:\/\/mozartschule-mannheim.de\/wp-content\/uploads\/2024\/05\/IMG_1620-768x768.jpg 768w, https:\/\/mozartschule-mannheim.de\/wp-content\/uploads\/2024\/05\/IMG_1620-1536x1536.jpg 1536w, https:\/\/mozartschule-mannheim.de\/wp-content\/uploads\/2024\/05\/IMG_1620-2048x2048.jpg 2048w, https:\/\/mozartschule-mannheim.de\/wp-content\/uploads\/2024\/05\/IMG_1620-100x100.jpg 100w\" sizes=\"auto, (max-width: 1024px) 100vw, 1024px\" \/><figcaption class=\"wp-element-caption\">Projekttage 2024<\/figcaption><\/figure>\n\n\n\n<h2 class=\"wp-block-heading\"><\/h2>\n\n\n\n<p class=\"wp-block-paragraph\"><\/p>\n\n\n\n<p class=\"wp-block-paragraph\"><\/p>\n","protected":false},"excerpt":{"rendered":"<p>Lesung und Druckworkshop Im Dezember fand eine von drei Autorenlesungen mit dem Autor Holger Montag f\u00fcr unsere 3. Klassen statt. Im anschlie\u00dfenden Druckworkshop hatten die Kinder die M\u00f6glichkeit, ihre Eindr\u00fccke direkt kreativ umzusetzen. Treffen der Kulturschule Flurkonzert R2 Einschulung 2025 Wir freuen uns in R2 und in M6 \u00fcber unsere drei neuen ersten Klassen. Herzlich [&hellip;]<\/p>\n","protected":false},"author":1,"featured_media":0,"parent":5,"menu_order":2,"comment_status":"closed","ping_status":"closed","template":"","meta":{"_crdt_document":"","footnotes":""},"class_list":["post-349","page","type-page","status-publish","hentry"],"_links":{"self":[{"href":"https:\/\/mozartschule-mannheim.de\/index.php?rest_route=\/wp\/v2\/pages\/349","targetHints":{"allow":["GET"]}}],"collection":[{"href":"https:\/\/mozartschule-mannheim.de\/index.php?rest_route=\/wp\/v2\/pages"}],"about":[{"href":"https:\/\/mozartschule-mannheim.de\/index.php?rest_route=\/wp\/v2\/types\/page"}],"author":[{"embeddable":true,"href":"https:\/\/mozartschule-mannheim.de\/index.php?rest_route=\/wp\/v2\/users\/1"}],"replies":[{"embeddable":true,"href":"https:\/\/mozartschule-mannheim.de\/index.php?rest_route=%2Fwp%2Fv2%2Fcomments&post=349"}],"version-history":[{"count":75,"href":"https:\/\/mozartschule-mannheim.de\/index.php?rest_route=\/wp\/v2\/pages\/349\/revisions"}],"predecessor-version":[{"id":1005,"href":"https:\/\/mozartschule-mannheim.de\/index.php?rest_route=\/wp\/v2\/pages\/349\/revisions\/1005"}],"up":[{"embeddable":true,"href":"https:\/\/mozartschule-mannheim.de\/index.php?rest_route=\/wp\/v2\/pages\/5"}],"wp:attachment":[{"href":"https:\/\/mozartschule-mannheim.de\/index.php?rest_route=%2Fwp%2Fv2%2Fmedia&parent=349"}],"curies":[{"name":"wp","href":"https:\/\/api.w.org\/{rel}","templated":true}]}}