{"id":425,"date":"2019-09-14T11:11:48","date_gmt":"2019-09-14T09:11:48","guid":{"rendered":"http:\/\/mozartschule-mannheim.de\/?page_id=425"},"modified":"2025-06-04T12:55:39","modified_gmt":"2025-06-04T10:55:39","slug":"raumplanung-mozartschule","status":"publish","type":"page","link":"https:\/\/mozartschule-mannheim.de\/?page_id=425","title":{"rendered":"Schulsozialarbeit"},"content":{"rendered":"\n<p class=\"wp-block-paragraph\">Hallo liebe Sch\u00fclerinnen und Sch\u00fcler der Mozartschule, liebe Eltern, liebe Lehrkr\u00e4fte, liebe Interessierte,&nbsp; ich bin die Schulsozialarbeiterin an der Mozartschule in R2 und M6.<\/p>\n\n\n\n<p class=\"wp-block-paragraph\">Mein Name ist <strong>Jasmin Gruber, <\/strong>ich bin Diplom-P\u00e4dagogin (Univ.), Familienp\u00e4dagogin (SRH Heidelberg) und ausgebildete Gewaltpr\u00e4ventionstrainerin. Angestellt bin ich bei der Stadt Mannheim, Fachbereich Bildung.<\/p>\n\n\n\n<p class=\"wp-block-paragraph\">Weitere Informationen zu meiner Arbeit gibt es hier: <\/p>\n\n\n\n<p class=\"wp-block-paragraph\"><a href=\"http:\/\/padlet.com\/jngruber1\/schulsozialarbeit-6etsecucn26izn8g\">padlet.com\/jngruber1\/schulsozialarbeit-6etsecucn26izn8g <\/a> <\/p>\n\n\n\n<figure class=\"wp-block-image size-large is-resized\"><img loading=\"lazy\" decoding=\"async\" width=\"768\" height=\"1024\" src=\"https:\/\/mozartschule-mannheim.de\/wp-content\/uploads\/2025\/06\/3b8ca0cf-92d3-4e58-aa70-d8620a8c314f1-768x1024.jpg\" alt=\"\" class=\"wp-image-949\" style=\"aspect-ratio:0.750008693535487;width:239px;height:auto\" srcset=\"https:\/\/mozartschule-mannheim.de\/wp-content\/uploads\/2025\/06\/3b8ca0cf-92d3-4e58-aa70-d8620a8c314f1-768x1024.jpg 768w, https:\/\/mozartschule-mannheim.de\/wp-content\/uploads\/2025\/06\/3b8ca0cf-92d3-4e58-aa70-d8620a8c314f1-225x300.jpg 225w, https:\/\/mozartschule-mannheim.de\/wp-content\/uploads\/2025\/06\/3b8ca0cf-92d3-4e58-aa70-d8620a8c314f1-1152x1536.jpg 1152w, https:\/\/mozartschule-mannheim.de\/wp-content\/uploads\/2025\/06\/3b8ca0cf-92d3-4e58-aa70-d8620a8c314f1.jpg 1200w\" sizes=\"auto, (max-width: 768px) 100vw, 768px\" \/><\/figure>\n\n\n\n<p class=\"wp-block-paragraph\">&nbsp;<strong>Kontakt:<\/strong><\/p>\n\n\n\n<p class=\"wp-block-paragraph\">Ich bin immer von Montag bis Donnerstag an der Schule, haupts\u00e4chlich am Vormittag.&nbsp;<\/p>\n\n\n\n<p class=\"wp-block-paragraph\">B\u00fcro: Zimmer 104 (1.OG) in R2, 68161 Mannheim<\/p>\n\n\n\n<p class=\"wp-block-paragraph\">Sprechzeiten: Termine nach Absprache<\/p>\n\n\n\n<p class=\"wp-block-paragraph\"><strong>Telefon: 0621-293-3055<\/strong><\/p>\n\n\n\n<p class=\"wp-block-paragraph\"><strong>E-Mail: jasmin.gruber@mannheim.de<\/strong><\/p>\n\n\n\n<p class=\"wp-block-paragraph\">Schulsozialarbeit baut Br\u00fccken.<\/p>\n\n\n\n<p class=\"wp-block-paragraph\">Sie richtet sich an alle Sch\u00fclerinnen und Sch\u00fcler, Lehrkr\u00e4fte, Eltern und Klassen.&nbsp;<\/p>\n\n\n\n<p class=\"wp-block-paragraph\"><strong>Die Angebote der Schulsozialarbeit sind freiwillig, kostenlos und vertraulich.<\/strong><\/p>\n\n\n\n<p class=\"wp-block-paragraph\"><strong>Meine Arbeitsschwerpunkte<\/strong>:<\/p>\n\n\n\n<p class=\"wp-block-paragraph\">Soziales Lernen und erlebnisp\u00e4dagogische \u00dcbungen zur F\u00f6rderung der Klassengemeinschaft.<\/p>\n\n\n\n<p class=\"wp-block-paragraph\">Beratung von Sch\u00fclerinnen und Sch\u00fclern, Eltern und Lehrkr\u00e4ften<\/p>\n\n\n\n<p class=\"wp-block-paragraph\">Kooperationen mit au\u00dferschulischen Partnerinnen und Partnern<\/p>\n\n\n\n<p class=\"wp-block-paragraph\">Einzelfallhilfe, Beratung und Krisenintervention<\/p>\n\n\n\n<p class=\"wp-block-paragraph\">Gl\u00fccks-AG<\/p>\n\n\n\n<p class=\"wp-block-paragraph\">Ausbildung der Streitschlichter<\/p>\n\n\n\n<p class=\"wp-block-paragraph\"><strong>Die Aufgabenfelder der Schulsozialarbeit in Mannheim sind<\/strong><\/p>\n\n\n\n<p class=\"wp-block-paragraph\">Unterst\u00fctzung der schulorientierten Gemeinwesenarbeit und \u00d6ffnung der Schule in den jeweiligen Stadtteil<\/p>\n\n\n\n<p class=\"wp-block-paragraph\">Beteiligung bei der Weiterentwicklung der Lebenswelt Schule als f\u00f6rderlicher und positiver Erfahrungsraum<\/p>\n\n\n\n<p class=\"wp-block-paragraph\">Einzelfallhilfe, Beratung und Begleitung der Sch\u00fclerschaft mit besonderen Problemlagen<\/p>\n\n\n\n<p class=\"wp-block-paragraph\">Mitarbeit bei Pr\u00e4ventivangeboten wie Gewaltpr\u00e4vention und Suchtpr\u00e4vention<\/p>\n\n\n\n<p class=\"wp-block-paragraph\">Beratung von und mit Lehrkr\u00e4ften, Schulleitung, Eltern und Sorgeberechtigten<\/p>\n\n\n\n<p class=\"wp-block-paragraph\">Elternarbeit<\/p>\n\n\n\n<p class=\"wp-block-paragraph\">Kooperation mit der Schule, Beh\u00f6rden, sozialen Einrichtungen und Beratungsstellen<\/p>\n\n\n\n<p class=\"wp-block-paragraph\">Sozialp\u00e4dagogische Angebote im offenen Bereich und Erlebnisp\u00e4dagogik<\/p>\n\n\n\n<p class=\"wp-block-paragraph\">Ich freue mich auf eine vertrauensvolle Zusammenarbeit,<\/p>\n\n\n\n<p class=\"wp-block-paragraph\">Ihre Jasmin Gruber<\/p>\n\n\n\n<p class=\"wp-block-paragraph\"><a href=\"https:\/\/www.mannheim.de\/de\/bildung-staerken\/schulsozialarbeit\">https:\/\/www.mannheim.de\/de\/bildung-staerken\/schulsozialarbeit<\/a><\/p>\n","protected":false},"excerpt":{"rendered":"<p>Hallo liebe Sch\u00fclerinnen und Sch\u00fcler der Mozartschule, liebe Eltern, liebe Lehrkr\u00e4fte, liebe Interessierte,&nbsp; ich bin die Schulsozialarbeiterin an der Mozartschule in R2 und M6. Mein Name ist Jasmin Gruber, ich bin Diplom-P\u00e4dagogin (Univ.), Familienp\u00e4dagogin (SRH Heidelberg) und ausgebildete Gewaltpr\u00e4ventionstrainerin. Angestellt bin ich bei der Stadt Mannheim, Fachbereich Bildung. Weitere Informationen zu meiner Arbeit gibt es [&hellip;]<\/p>\n","protected":false},"author":1,"featured_media":0,"parent":5,"menu_order":14,"comment_status":"closed","ping_status":"closed","template":"","meta":{"_crdt_document":"","footnotes":""},"class_list":["post-425","page","type-page","status-publish","hentry"],"_links":{"self":[{"href":"https:\/\/mozartschule-mannheim.de\/index.php?rest_route=\/wp\/v2\/pages\/425","targetHints":{"allow":["GET"]}}],"collection":[{"href":"https:\/\/mozartschule-mannheim.de\/index.php?rest_route=\/wp\/v2\/pages"}],"about":[{"href":"https:\/\/mozartschule-mannheim.de\/index.php?rest_route=\/wp\/v2\/types\/page"}],"author":[{"embeddable":true,"href":"https:\/\/mozartschule-mannheim.de\/index.php?rest_route=\/wp\/v2\/users\/1"}],"replies":[{"embeddable":true,"href":"https:\/\/mozartschule-mannheim.de\/index.php?rest_route=%2Fwp%2Fv2%2Fcomments&post=425"}],"version-history":[{"count":15,"href":"https:\/\/mozartschule-mannheim.de\/index.php?rest_route=\/wp\/v2\/pages\/425\/revisions"}],"predecessor-version":[{"id":951,"href":"https:\/\/mozartschule-mannheim.de\/index.php?rest_route=\/wp\/v2\/pages\/425\/revisions\/951"}],"up":[{"embeddable":true,"href":"https:\/\/mozartschule-mannheim.de\/index.php?rest_route=\/wp\/v2\/pages\/5"}],"wp:attachment":[{"href":"https:\/\/mozartschule-mannheim.de\/index.php?rest_route=%2Fwp%2Fv2%2Fmedia&parent=425"}],"curies":[{"name":"wp","href":"https:\/\/api.w.org\/{rel}","templated":true}]}}