{"id":431,"date":"2019-09-14T11:20:16","date_gmt":"2019-09-14T09:20:16","guid":{"rendered":"http:\/\/mozartschule-mannheim.de\/?page_id=431"},"modified":"2024-11-18T20:23:40","modified_gmt":"2024-11-18T18:23:40","slug":"schul-abc-der-mozartschule","status":"publish","type":"page","link":"https:\/\/mozartschule-mannheim.de\/?page_id=431","title":{"rendered":"Schul-ABC der Mozartschule"},"content":{"rendered":"\n<figure class=\"wp-block-table\"><table><tbody><tr><td><strong>A<\/strong>bholen<\/td><\/tr><tr><td>Wenn Sie Ihr Kind abholen, holen Sie es bitte immer auf dem Pausenhof ab.<\/td><\/tr><tr><td><strong>A<\/strong>ufsicht<\/td><\/tr><tr><td>In jeder Pause sind 2 Lehrerinnen und Pausenhelfer eingeteilt, die auf dem Schulhof Aufsicht f\u00fchren. Eltern sollten vom Zaun Abstand nehmen.<\/td><\/tr><tr><td><strong>B<\/strong>eurlaubung<\/td><\/tr><tr><td>M\u00f6chten Sie Ihr Kind aus zwingenden Gr\u00fcnden f\u00fcr 1 Tag beurlauben, beantragen Sie dies bitte schriftlich oder im direkten Gespr\u00e4ch mit dem jeweiligen Klassenlehrer. Gr\u00fcnde k\u00f6nnen z.B. sein: Arztbesuche, Trauerfeiern, besondere Familienfeiern&nbsp;&nbsp;&nbsp;<\/td><\/tr><tr><td><strong>B<\/strong>\u00fccher<strong><\/strong><\/td><\/tr><tr><td>Die Schulb\u00fccher unterliegen der Lernmittelfreiheit und werden von der Stadt gestellt. Sie m\u00fcssen am Schuljahresende zur\u00fcckgegeben werden und sollten vier Jahre halten. Binden Sie bitte deshalb immer die B\u00fccher ein und gehen schonend mit ihnen um.<\/td><\/tr><tr><td><strong>C<\/strong>omputer<strong><\/strong><\/td><\/tr><tr><td>Unsere Schule verf\u00fcgt \u00fcber einen Computerraum. In beiden Schulen gibt es W-LAN. Jede Klasse lernt den Umgang mit IPads. <\/td><\/tr><tr><td><strong>E<\/strong>lternabende<strong><\/strong><\/td><\/tr><tr><td>In jedem Schuljahr finden zwei Elternabende statt, zu denen die Eltern schriftlich eingeladen werden. Die Termine sind zudem auf der <a href=\"http:\/\/mozartschule-mannheim.de\/?page_id=16\">Homepage<\/a> zu finden.<\/td><\/tr><tr><td><strong>E<\/strong>lternbeirat<\/td><\/tr><tr><td>Der Elternbeirat setzt sich aus je 2 gew\u00e4hlten Elternvertreter\/innen der Klassen zusammen. Diese gew\u00e4hlten Vertreter w\u00e4hlen dann<br>\u2022 eine\/n Vorsitzende\/n<br>\u2022 eine\/n Stellvertreter\/in<br>Der Elternbeirat ist das Sprechergremium der Eltern und wendet sich bei Fragen, Problemen etc. an die Schulleitung.&nbsp;Um einen guten Schulbetrieb zu erm\u00f6glichen, ist die Schulleitung auf konstruktive Zusammenarbeit mit dem Elternbeirat angewiesen.<\/td><\/tr><tr><td><strong>E<\/strong>lterngespr\u00e4che<strong><\/strong><\/td><\/tr><tr><td>Elterngespr\u00e4che sind ein wesentlicher Bestandteil unserer Schule. In der Grundschule findet einmal j\u00e4hrlich ein Beratungsgespr\u00e4ch &#8211; in der Regel zum Halbjahr &#8211; statt. Weitere Elterngespr\u00e4che werden zwischen den Klassenlehrern und den Eltern vereinbart.<\/td><\/tr><tr><td><strong>E<\/strong>ntschuldigung<strong><\/strong><\/td><\/tr><tr><td>Kann Ihr Kind nicht zur Schule kommen, rufen Sie bitte am gleichen Tag im Sekretariat an (Tel.: 0621- 2933051) oder schreiben eine Mail an&nbsp;<a href=\"mailto:martina.kandlbinder@mannheim.de\">martina.kandlbinder@mannheim.de<\/a>&nbsp;und teilen den Grund des Fehlens mit. Die Information wird an die jeweilige Klassenlehrerin weitergeleitet. Das Sekretariat ist ab 7.30 Uhr besetzt. Sp\u00e4testens am dritten Tag muss eine schriftliche Entschuldigung erfolgen!<\/td><\/tr><tr><td><strong>E<\/strong>rste Hilfe<strong><\/strong><\/td><\/tr><tr><td>Unf\u00e4lle&nbsp;k\u00f6nnen&nbsp;auch in der Schule passieren. Die Kinder werden im Notfall \u00e4rztlich versorgt und die Eltern umgehend benachrichtigt. Daher ist es wichtig, dass stets die aktuelle Adresse bzw. Telefonnummer (Notfallnummer) im Sekretariat bekannt ist. Wenn ein Arzt bzw. das Krankenhaus aufgesucht werden muss, wird eine Unfallmeldung an den Versicherer der Schule gesandt.<strong><\/strong><\/td><\/tr><tr><td><strong>F<\/strong>erien<strong><\/strong><\/td><\/tr><tr><td>Die Ferientermine sind f\u00fcr die staatlichen Schulen Mannheims gemeinsam festgelegt. Zu Beginn des Schuljahres erhalten alle Eltern einen Ferienplan. Zudem sind alle Ferienzeiten auf unserer <a href=\"http:\/\/mozartschule-mannheim.de\/?page_id=16\">Homepage<\/a> unter&nbsp;JAHRES\u00dcBERSICHT&nbsp;zu finden.<\/td><\/tr><tr><td><strong>F<\/strong>r\u00fchst\u00fcck<strong><\/strong><\/td><\/tr><tr><td>Ein gemeinsames Fr\u00fchst\u00fcck findet in unserer Schule nach der 1. Hofpause (9.30 bis 9.50 Uhr) in den Klassen statt. Die Schule legt gro\u00dfen Wert auf ein gesundes Fr\u00fchst\u00fcck. So sind f\u00fcr die Fr\u00fchst\u00fcckspause nur Mineralwasser oder Tee zugelassen. Zum Essen sind Obst, Gem\u00fcse, Brot mit Butter, K\u00e4se oder Wurst geeignet. S\u00fc\u00dfe Sachen sind nicht erlaubt.<\/td><\/tr><tr><td><strong>F<\/strong>undsachen<strong><\/strong><\/td><\/tr><tr><td>Kleidungsst\u00fccke o.\u00e4., die vergessen wurden, werden an der Garderobe im Untergeschoss aufbewahrt.<\/td><\/tr><tr><td><strong>G<\/strong>rundschulempfehlung<strong><\/strong><\/td><\/tr><tr><td>Seit dem Schuljahr 2024\/2025 ist die Grundschulempfehlung wieder verbindlich. Neben der p\u00e4dagogischen Gesamtw\u00fcrdigung (Noten in den F\u00e4chern) gibt es seit diesem Schuljahr au\u00dferdem eine Kompetenzmessung (Kompass 4) in den F\u00e4chern Deutsch und Mathematik.  Im Vorfeld zu den Grundschulempfehlungen findet ein verbindliches Elternberatungsgespr\u00e4ch mit der Klassenlehrkraft statt. Die Grundschulempfehlung wird mit der Halbjahresinformation ausgestellt und den Eltern zugeschickt.<\/td><\/tr><tr><td><strong>H<\/strong>andys<strong><\/strong><\/td><\/tr><tr><td>Handys, Smartwatches oder andere digitale Ger\u00e4te d\u00fcrfen im Schulgel\u00e4nde zwischen Unterrichtsbeginn und \u2013 ende nicht benutzt werden. Ansonsten wird es bis zum Unterrichtsende verwahrt. F\u00fcr Besch\u00e4digungen oder Verlust \u00fcbernimmt die Schule keinerlei Verantwortung. In dringenden F\u00e4llen k\u00f6nnen Sie Ihr Kind jederzeit \u00fcber das Sekretariat erreichen. Ebenso benachrichtigen wir Sie, wenn n\u00f6tig,&nbsp;\u00fcber das Sekretariat.<\/td><\/tr><tr><td><strong>H<\/strong>ausmeister<strong><\/strong><\/td><\/tr><tr><td>Unser Hausmeister an der Mozartschule hei\u00dft Herr Kolz.<\/td><\/tr><tr><td><strong>H<\/strong>omepage<strong><\/strong><\/td><\/tr><tr><td>Unter der Adresse&nbsp;<a href=\"http:\/\/www.mozartschule-mannheim.de\/\">www.mozartschule-mannheim.de<\/a>&nbsp;finden Sie vielf\u00e4ltige und aktuelle Informationen, Termine und Ver\u00f6ffentlichungen.<\/td><\/tr><tr><td><strong>I<\/strong>nklusion<strong><\/strong><\/td><\/tr><tr><td>An unserer Schule findet gemeinsamer Unterricht von Kindern aus der Regelschule und Kindern mit einem festgestellten F\u00f6rderbedarf statt.<\/td><\/tr><tr><td><strong>K<\/strong>rankheiten<strong><\/strong><\/td><\/tr><tr><td>Bei allen ansteckenden Krankheiten (Scharlach, R\u00f6teln, Mumps usw.) informieren Sie uns bitte sofort und schicken Sie Ihr Kind erst wieder zur Schule, wenn der Arzt es erlaubt.<\/td><\/tr><tr><td><strong>L<\/strong>\u00e4use<\/td><\/tr><tr><td>Bitte melden Sie es sofort der Schule, sollte Ihr Kind von L\u00e4usen befallen sein. Die Schule verteilt dann in den betroffenen Klassen Informationsbl\u00e4tter an die Eltern.<\/td><\/tr><tr><td><strong>N<\/strong>otfall<strong><\/strong><\/td><\/tr><tr><td>Geben Sie bitte f\u00fcr eine Notfallsituation mindestens eine aktuelle Telefonnummer an, unter der Sie jederzeit erreichbar sind.&nbsp;<\/td><\/tr><tr><td><strong>O<\/strong>bstkiste<strong><\/strong><\/td><\/tr><tr><td>Durch ein Programm der EU und der Unterst\u00fctzung unseres F\u00f6rdervereins erh\u00e4lt jede Klasse montags einen frischen Obstkorb. Das darin enthaltene Obst und Gem\u00fcse wird gemeinsam verarbeitet und verzehrt.<\/td><\/tr><tr><td><strong>R<\/strong>egenpausen<\/td><\/tr><tr><td>Nur bei sehr starkem Regen oder Gewitter bleiben die Sch\u00fcler\/innen im Schulgeb\u00e4ude. Sie ben\u00f6tigen immer wettergerechte Kleidung, sodass wir auch bei Nieselregen drau\u00dfen spielen k\u00f6nnen.<\/td><\/tr><tr><td><strong>S<\/strong>chulsozialarbeit<\/td><\/tr><tr><td>Unsere Schulsozialarbeiterin Frau Gruber steht den Sch\u00fclern, Lehrern und Eltern bei Sorgen und Problemen beratend und begleitend zur Seite. Ebenso unterst\u00fctzt sie durch pr\u00e4ventive Gruppenangebote (z.B. Gewaltpr\u00e4vention) die Lehrkr\u00e4fte in der F\u00f6rderung des Sozialverhaltens der Sch\u00fcler. Kontakt \u00fcber: <a href=\"mailto:jasmin.gruber@mannheim.de\">jasmin.gruber@mannheim.de<\/a><\/td><\/tr><tr><td><strong>S<\/strong>ekretariat&nbsp;&nbsp;&nbsp;&nbsp;&nbsp;&nbsp;&nbsp;&nbsp;&nbsp;&nbsp;&nbsp;&nbsp;&nbsp;&nbsp;&nbsp;&nbsp;&nbsp;&nbsp;&nbsp;&nbsp;&nbsp;&nbsp;&nbsp;&nbsp;&nbsp;&nbsp;&nbsp;&nbsp;&nbsp;&nbsp;&nbsp;&nbsp;&nbsp;&nbsp;&nbsp;&nbsp;&nbsp;&nbsp;&nbsp;&nbsp;&nbsp;&nbsp;&nbsp;&nbsp;&nbsp;&nbsp;&nbsp;&nbsp;&nbsp;&nbsp;&nbsp;&nbsp;&nbsp;&nbsp;&nbsp;&nbsp;&nbsp;&nbsp;&nbsp;&nbsp;&nbsp;&nbsp;&nbsp;&nbsp;&nbsp;&nbsp;&nbsp;&nbsp;&nbsp;&nbsp;&nbsp;&nbsp;&nbsp;&nbsp;&nbsp;&nbsp;&nbsp;&nbsp;&nbsp;&nbsp;&nbsp;&nbsp;&nbsp;&nbsp;&nbsp;&nbsp;&nbsp;&nbsp;&nbsp;&nbsp;&nbsp;<\/td><\/tr><tr><td>Frau Kandlbinder betreut das Schulsekretariat. Die \u00d6ffnungszeiten des Sekretariats sind Mo \u2013 Do von 8 Uhr bis 12 Uhr. Sie erreichen sie unter der Nummer&nbsp;0621- 293-3051 (au\u00dferhalb der \u00d6ffnungszeiten ist ein Anrufbeantworter geschaltet). Das Ausstellen einer Schulbescheinigung kann per Mail beantragt werden. E-Mail:&nbsp;<a href=\"mailto:martina.kandlbinder@mannheim.de\">martina.kandlbinder@mannheim.de<\/a>&nbsp;&nbsp;&nbsp;&nbsp;&nbsp;&nbsp;&nbsp;&nbsp;&nbsp;&nbsp;&nbsp;&nbsp;&nbsp;&nbsp;&nbsp;&nbsp;&nbsp;&nbsp;&nbsp;&nbsp;&nbsp;&nbsp;&nbsp;<\/td><\/tr><tr><td><strong>S<\/strong>prechstunden<strong><\/strong><\/td><\/tr><tr><td>Jeder Klassenlehrer steht Ihnen gerne zu Gespr\u00e4chen zur Verf\u00fcgung. Melden Sie sich bitte \u00fcbers Sekretariat oder auf einem beim Elternabend vereinbarten Weg bei der Lehrkraft an. In der Regel liegen diese Sprechstunden am Vormittag. Sollten Sie vormittags verhindert sein, vereinbaren Sie bitte individuelle Termine mit den entsprechenden Lehrkr\u00e4ften.<\/td><\/tr><tr><td><strong>S<\/strong>tundentafel<strong><\/strong><\/td><\/tr><tr><td><strong>1. Stunde<\/strong>\u00a0\u00a0\u00a0\u00a0\u00a0\u00a0\u00a0\u00a0\u00a0\u00a0\u00a0\u00a0\u00a08.00 Uhr \u2013 8.45 Uhr<br><strong>2. Stunde<\/strong>\u00a0\u00a0\u00a0\u00a0\u00a0\u00a0\u00a0\u00a0\u00a0\u00a0\u00a0\u00a0\u00a08.45 Uhr \u2013 9.30 Uhr<br>1. Hofpause: 9.30 Uhr \u2013 9.45 Uhr<br><strong>3. Stunde<\/strong>\u00a0\u00a0\u00a0\u00a0\u00a0\u00a0\u00a0\u00a0\u00a0\u00a0\u00a0\u00a0\u00a09.45 Uhr \u2013 10.30 Uhr<br><strong>4. Stunde<\/strong>\u00a0\u00a0\u00a0\u00a0\u00a0\u00a0\u00a0\u00a0\u00a0\u00a0\u00a0\u00a0\u00a010.30 Uhr \u2013 11.15 Uhr<br>2. Hofpause: 11.15 Uhr \u2013 11.30 Uhr<br><strong>5. Stunde<\/strong>\u00a0\u00a0\u00a0\u00a0\u00a0\u00a0\u00a0\u00a0\u00a0\u00a0\u00a0\u00a0\u00a011.35 Uhr \u2013 12.20 Uhr<br><strong>6. Stunde<\/strong>\u00a0\u00a0\u00a0\u00a0\u00a0\u00a0\u00a0\u00a0\u00a0\u00a0\u00a0\u00a0\u00a012.25 Uhr \u2013 13.10 Uhr<br><br>Die Kinder werden zu Unterrichtsbeginn von der Lehrkraft auf dem Schulhof abgeholt.\u00a0<\/td><\/tr><tr><td><strong>U<\/strong>mzug<strong><\/strong><\/td><\/tr><tr><td>Wenn Sie umziehen, geben Sie bitte Ihre neue Adresse im Sekretariat an. Falls sich der Schulbezirk ge\u00e4ndert hat, k\u00f6nnen Sie einen<strong> Schulbezirkswechsel beantragen<\/strong>, \u00fcber den das Schulamt entscheidet.<\/td><\/tr><tr><td><strong>Z<\/strong>eugnisse<strong><\/strong><\/td><\/tr><tr><td>Alle Kinder erhalten am Ende jedes Schuljahres Zeugnisse. Die Zeugnisse der Grundschule enthalten eine Verbalbeurteilung in den Bereichen Verhalten, Arbeiten und Lernen sowie Noten in den einzelnen F\u00e4chern.Die Zweitkl\u00e4ssler erhalten lediglich Noten in den F\u00e4chern Deutsch und Mathematik. Die Erstkl\u00e4ssler erhalten noch keine Noten, sondern eine reine Verbalbeurteilung. Die Eltern der Sch\u00fcler\/Innen der 1. und 2. Klassen f\u00fchren im Halbjahr ein protokolliertes Gespr\u00e4ch mit der Klassenlehrkraft.&nbsp;Die Sch\u00fcler\/Innen der 3. und 4. Klassen bekommen am Ende des ersten Halbjahres eine Halbjahresinformation und die 4. Klassen die Grundschulempfehlung.<\/td><\/tr><\/tbody><\/table><\/figure>\n","protected":false},"excerpt":{"rendered":"<p>Abholen Wenn Sie Ihr Kind abholen, holen Sie es bitte immer auf dem Pausenhof ab. Aufsicht In jeder Pause sind 2 Lehrerinnen und Pausenhelfer eingeteilt, die auf dem Schulhof Aufsicht f\u00fchren. Eltern sollten vom Zaun Abstand nehmen. Beurlaubung M\u00f6chten Sie Ihr Kind aus zwingenden Gr\u00fcnden f\u00fcr 1 Tag beurlauben, beantragen Sie dies bitte schriftlich oder [&hellip;]<\/p>\n","protected":false},"author":1,"featured_media":0,"parent":5,"menu_order":15,"comment_status":"closed","ping_status":"closed","template":"","meta":{"_crdt_document":"","footnotes":""},"class_list":["post-431","page","type-page","status-publish","hentry"],"_links":{"self":[{"href":"https:\/\/mozartschule-mannheim.de\/index.php?rest_route=\/wp\/v2\/pages\/431","targetHints":{"allow":["GET"]}}],"collection":[{"href":"https:\/\/mozartschule-mannheim.de\/index.php?rest_route=\/wp\/v2\/pages"}],"about":[{"href":"https:\/\/mozartschule-mannheim.de\/index.php?rest_route=\/wp\/v2\/types\/page"}],"author":[{"embeddable":true,"href":"https:\/\/mozartschule-mannheim.de\/index.php?rest_route=\/wp\/v2\/users\/1"}],"replies":[{"embeddable":true,"href":"https:\/\/mozartschule-mannheim.de\/index.php?rest_route=%2Fwp%2Fv2%2Fcomments&post=431"}],"version-history":[{"count":11,"href":"https:\/\/mozartschule-mannheim.de\/index.php?rest_route=\/wp\/v2\/pages\/431\/revisions"}],"predecessor-version":[{"id":933,"href":"https:\/\/mozartschule-mannheim.de\/index.php?rest_route=\/wp\/v2\/pages\/431\/revisions\/933"}],"up":[{"embeddable":true,"href":"https:\/\/mozartschule-mannheim.de\/index.php?rest_route=\/wp\/v2\/pages\/5"}],"wp:attachment":[{"href":"https:\/\/mozartschule-mannheim.de\/index.php?rest_route=%2Fwp%2Fv2%2Fmedia&parent=431"}],"curies":[{"name":"wp","href":"https:\/\/api.w.org\/{rel}","templated":true}]}}