{"id":5,"date":"2018-07-17T15:10:40","date_gmt":"2018-07-17T15:10:40","guid":{"rendered":"http:\/\/mozartschule-mannheim.de\/?page_id=5"},"modified":"2025-09-23T17:46:41","modified_gmt":"2025-09-23T15:46:41","slug":"herzlich-willkommen","status":"publish","type":"page","link":"https:\/\/mozartschule-mannheim.de\/","title":{"rendered":"Mozartschule Mannheim"},"content":{"rendered":"\n<p class=\"wp-block-paragraph\"><\/p>\n\n\n\n<p class=\"wp-block-paragraph\"><\/p>\n\n\n\n<figure class=\"wp-block-image size-large\"><img loading=\"lazy\" decoding=\"async\" width=\"1024\" height=\"768\" src=\"http:\/\/mozartschule-mannheim.de\/wp-content\/uploads\/2020\/04\/E0BED14D-2A45-43BB-AED1-9D4E5A45F7E9-1024x768.jpeg\" alt=\"\" class=\"wp-image-523\"\/><\/figure>\n\n\n<blockquote>\n<p style=\"text-align: center;\">Die Mannheimer Mozartschule ist in zwei Geb\u00e4uden untergebracht. Das Hauptgeb\u00e4ude befindet sich im \u201eQuadrat\u201c R 2, 2 und die Au\u00dfenstelle in M 6, 12. Die Mozartschule ist eine Grundschule der Klassen 1 bis 4. W\u00e4hrend im Hauptgeb\u00e4ude jeweils zwei bis drei Parallelklassen unterrichtet werden, wird die &#8222;kleine Mozartschule&#8220; meist einz\u00fcgig gef\u00fchrt. Der Schulbezirk der Mozartschule umfasst die Quadrate der \u00f6stlichen Innenstadt und angrenzende Gebiete.<\/p>\n<\/blockquote>\n<p style=\"text-align: center;\">\n<p style=\"text-align: center;\"><b>F\u00fcr einen\u00a0Besuch der Schule auf den Internetseiten der Stadt Mannheim klicken Sie\u00a0auf <a href=\"https:\/\/www.mannheim.de\/de\/bildung-staerken\/die-ersten-schuljahre\/grundschulen-in-mannheim\/mozart\">diesen Link<\/a><\/b><\/p>\n<p style=\"text-align: center;\">\n<p style=\"text-align: center;\"><b>Kontakt direkt ins Sekretariat der Mozartschule:\u00a0Frau Kandlbinder<\/b><\/p>\n<p style=\"text-align: center;\"><b>Tel.: 0621-2933051, Fax: 0621-2933052,\u00a0E-Mail:\u00a0<\/b><a href=\"mailto:martina.kandlbinder@mannheim.de\"><b>Sekretariat<\/b><\/a><\/p>\n\n\n<figure class=\"wp-block-gallery has-nested-images columns-default is-cropped wp-block-gallery-1 is-layout-flex wp-block-gallery-is-layout-flex\"><\/figure>\n","protected":false},"excerpt":{"rendered":"<p>Die Mannheimer Mozartschule ist in zwei Geb\u00e4uden untergebracht. Das Hauptgeb\u00e4ude befindet sich im \u201eQuadrat\u201c R 2, 2 und die Au\u00dfenstelle in M 6, 12. Die Mozartschule ist eine Grundschule der Klassen 1 bis 4. W\u00e4hrend im Hauptgeb\u00e4ude jeweils zwei bis drei Parallelklassen unterrichtet werden, wird die &#8222;kleine Mozartschule&#8220; meist einz\u00fcgig gef\u00fchrt. Der Schulbezirk der Mozartschule [&hellip;]<\/p>\n","protected":false},"author":1,"featured_media":0,"parent":0,"menu_order":1,"comment_status":"closed","ping_status":"closed","template":"","meta":{"_crdt_document":"","footnotes":""},"class_list":["post-5","page","type-page","status-publish","hentry"],"_links":{"self":[{"href":"https:\/\/mozartschule-mannheim.de\/index.php?rest_route=\/wp\/v2\/pages\/5","targetHints":{"allow":["GET"]}}],"collection":[{"href":"https:\/\/mozartschule-mannheim.de\/index.php?rest_route=\/wp\/v2\/pages"}],"about":[{"href":"https:\/\/mozartschule-mannheim.de\/index.php?rest_route=\/wp\/v2\/types\/page"}],"author":[{"embeddable":true,"href":"https:\/\/mozartschule-mannheim.de\/index.php?rest_route=\/wp\/v2\/users\/1"}],"replies":[{"embeddable":true,"href":"https:\/\/mozartschule-mannheim.de\/index.php?rest_route=%2Fwp%2Fv2%2Fcomments&post=5"}],"version-history":[{"count":30,"href":"https:\/\/mozartschule-mannheim.de\/index.php?rest_route=\/wp\/v2\/pages\/5\/revisions"}],"predecessor-version":[{"id":975,"href":"https:\/\/mozartschule-mannheim.de\/index.php?rest_route=\/wp\/v2\/pages\/5\/revisions\/975"}],"wp:attachment":[{"href":"https:\/\/mozartschule-mannheim.de\/index.php?rest_route=%2Fwp%2Fv2%2Fmedia&parent=5"}],"curies":[{"name":"wp","href":"https:\/\/api.w.org\/{rel}","templated":true}]}}