{"id":747,"date":"2024-06-25T09:29:08","date_gmt":"2024-06-25T07:29:08","guid":{"rendered":"https:\/\/mozartschule-mannheim.de\/?page_id=747"},"modified":"2025-05-19T12:20:20","modified_gmt":"2025-05-19T10:20:20","slug":"kunst","status":"publish","type":"page","link":"https:\/\/mozartschule-mannheim.de\/?page_id=747","title":{"rendered":"Kunst"},"content":{"rendered":"\n<p class=\"wp-block-paragraph\">Im Fachbereich Kunst entstehen an unseren Schulen in R2 und M6 tolle Kunstwerke im Rahmen des Kunstunterrichts und von k\u00fcnstlerischen Projekten. Zudem besuchen wir regelm\u00e4\u00dfig die Kunsthalle Mannheim und die Jugendkunstschule der freien Kunstakademie. Workshops in den Institutionen und an unserer Schule geben uns immer wieder kreative Impulse.<\/p>\n\n\n\n<figure class=\"wp-block-image size-large\"><img loading=\"lazy\" decoding=\"async\" width=\"1024\" height=\"768\" src=\"https:\/\/mozartschule-mannheim.de\/wp-content\/uploads\/2025\/05\/IMG_9253-1-1024x768.jpeg\" alt=\"\" class=\"wp-image-945\" srcset=\"https:\/\/mozartschule-mannheim.de\/wp-content\/uploads\/2025\/05\/IMG_9253-1-1024x768.jpeg 1024w, https:\/\/mozartschule-mannheim.de\/wp-content\/uploads\/2025\/05\/IMG_9253-1-300x225.jpeg 300w, https:\/\/mozartschule-mannheim.de\/wp-content\/uploads\/2025\/05\/IMG_9253-1-768x576.jpeg 768w, https:\/\/mozartschule-mannheim.de\/wp-content\/uploads\/2025\/05\/IMG_9253-1-1536x1152.jpeg 1536w, https:\/\/mozartschule-mannheim.de\/wp-content\/uploads\/2025\/05\/IMG_9253-1-2048x1536.jpeg 2048w\" sizes=\"auto, (max-width: 1024px) 100vw, 1024px\" \/><\/figure>\n\n\n\n<figure class=\"wp-block-image size-large\"><img loading=\"lazy\" decoding=\"async\" width=\"1024\" height=\"768\" src=\"https:\/\/mozartschule-mannheim.de\/wp-content\/uploads\/2025\/05\/IMG_9254-1024x768.jpeg\" alt=\"\" class=\"wp-image-944\" srcset=\"https:\/\/mozartschule-mannheim.de\/wp-content\/uploads\/2025\/05\/IMG_9254-1024x768.jpeg 1024w, https:\/\/mozartschule-mannheim.de\/wp-content\/uploads\/2025\/05\/IMG_9254-300x225.jpeg 300w, https:\/\/mozartschule-mannheim.de\/wp-content\/uploads\/2025\/05\/IMG_9254-768x576.jpeg 768w, https:\/\/mozartschule-mannheim.de\/wp-content\/uploads\/2025\/05\/IMG_9254-1536x1152.jpeg 1536w, https:\/\/mozartschule-mannheim.de\/wp-content\/uploads\/2025\/05\/IMG_9254-2048x1536.jpeg 2048w\" sizes=\"auto, (max-width: 1024px) 100vw, 1024px\" \/><\/figure>\n\n\n\n<p class=\"wp-block-paragraph\">                                       H\u00fchner der Klasse 3b, Kreiden auf schwarzem Karton<\/p>\n\n\n\n<figure class=\"wp-block-image size-large is-resized\"><img loading=\"lazy\" decoding=\"async\" width=\"1024\" height=\"842\" src=\"https:\/\/mozartschule-mannheim.de\/wp-content\/uploads\/2024\/06\/IMG_2512-1024x842.jpg\" alt=\"\" class=\"wp-image-749\" style=\"width:652px;height:auto\" srcset=\"https:\/\/mozartschule-mannheim.de\/wp-content\/uploads\/2024\/06\/IMG_2512-1024x842.jpg 1024w, https:\/\/mozartschule-mannheim.de\/wp-content\/uploads\/2024\/06\/IMG_2512-300x247.jpg 300w, https:\/\/mozartschule-mannheim.de\/wp-content\/uploads\/2024\/06\/IMG_2512-768x632.jpg 768w, https:\/\/mozartschule-mannheim.de\/wp-content\/uploads\/2024\/06\/IMG_2512-1536x1263.jpg 1536w, https:\/\/mozartschule-mannheim.de\/wp-content\/uploads\/2024\/06\/IMG_2512-2048x1684.jpg 2048w\" sizes=\"auto, (max-width: 1024px) 100vw, 1024px\" \/><figcaption class=\"wp-element-caption\">Pappkantendruck der Klasse 2a angelehnt an Paul Klee<\/figcaption><\/figure>\n\n\n\n<figure class=\"wp-block-image size-large is-resized\"><img loading=\"lazy\" decoding=\"async\" width=\"1024\" height=\"1024\" src=\"https:\/\/mozartschule-mannheim.de\/wp-content\/uploads\/2024\/06\/MOLDIV-007-1024x1024.jpg\" alt=\"\" class=\"wp-image-787\" style=\"width:674px;height:auto\" srcset=\"https:\/\/mozartschule-mannheim.de\/wp-content\/uploads\/2024\/06\/MOLDIV-007-1024x1024.jpg 1024w, https:\/\/mozartschule-mannheim.de\/wp-content\/uploads\/2024\/06\/MOLDIV-007-300x300.jpg 300w, https:\/\/mozartschule-mannheim.de\/wp-content\/uploads\/2024\/06\/MOLDIV-007-150x150.jpg 150w, https:\/\/mozartschule-mannheim.de\/wp-content\/uploads\/2024\/06\/MOLDIV-007-768x768.jpg 768w, https:\/\/mozartschule-mannheim.de\/wp-content\/uploads\/2024\/06\/MOLDIV-007-1536x1536.jpg 1536w, https:\/\/mozartschule-mannheim.de\/wp-content\/uploads\/2024\/06\/MOLDIV-007-2048x2048.jpg 2048w, https:\/\/mozartschule-mannheim.de\/wp-content\/uploads\/2024\/06\/MOLDIV-007-100x100.jpg 100w\" sizes=\"auto, (max-width: 1024px) 100vw, 1024px\" \/><figcaption class=\"wp-element-caption\">Musterforscher der Klasse 4b<\/figcaption><\/figure>\n\n\n\n<figure class=\"wp-block-image aligncenter size-large\"><img loading=\"lazy\" decoding=\"async\" width=\"1024\" height=\"1024\" src=\"https:\/\/mozartschule-mannheim.de\/wp-content\/uploads\/2024\/06\/IMG_9421-2-1024x1024.jpg\" alt=\"\" class=\"wp-image-789\" srcset=\"https:\/\/mozartschule-mannheim.de\/wp-content\/uploads\/2024\/06\/IMG_9421-2-1024x1024.jpg 1024w, https:\/\/mozartschule-mannheim.de\/wp-content\/uploads\/2024\/06\/IMG_9421-2-300x300.jpg 300w, https:\/\/mozartschule-mannheim.de\/wp-content\/uploads\/2024\/06\/IMG_9421-2-150x150.jpg 150w, https:\/\/mozartschule-mannheim.de\/wp-content\/uploads\/2024\/06\/IMG_9421-2-768x768.jpg 768w, https:\/\/mozartschule-mannheim.de\/wp-content\/uploads\/2024\/06\/IMG_9421-2-1536x1536.jpg 1536w, https:\/\/mozartschule-mannheim.de\/wp-content\/uploads\/2024\/06\/IMG_9421-2-100x100.jpg 100w, https:\/\/mozartschule-mannheim.de\/wp-content\/uploads\/2024\/06\/IMG_9421-2.jpg 1819w\" sizes=\"auto, (max-width: 1024px) 100vw, 1024px\" \/><figcaption class=\"wp-element-caption\">Klasse 1b besucht die Kunsthalle<\/figcaption><\/figure>\n\n\n\n<figure class=\"wp-block-image size-large\"><img loading=\"lazy\" decoding=\"async\" width=\"1024\" height=\"1024\" src=\"https:\/\/mozartschule-mannheim.de\/wp-content\/uploads\/2024\/07\/IMG_2680-1024x1024.jpg\" alt=\"\" class=\"wp-image-829\" srcset=\"https:\/\/mozartschule-mannheim.de\/wp-content\/uploads\/2024\/07\/IMG_2680-1024x1024.jpg 1024w, https:\/\/mozartschule-mannheim.de\/wp-content\/uploads\/2024\/07\/IMG_2680-300x300.jpg 300w, https:\/\/mozartschule-mannheim.de\/wp-content\/uploads\/2024\/07\/IMG_2680-150x150.jpg 150w, https:\/\/mozartschule-mannheim.de\/wp-content\/uploads\/2024\/07\/IMG_2680-768x768.jpg 768w, https:\/\/mozartschule-mannheim.de\/wp-content\/uploads\/2024\/07\/IMG_2680-1536x1536.jpg 1536w, https:\/\/mozartschule-mannheim.de\/wp-content\/uploads\/2024\/07\/IMG_2680-2048x2048.jpg 2048w, https:\/\/mozartschule-mannheim.de\/wp-content\/uploads\/2024\/07\/IMG_2680-100x100.jpg 100w\" sizes=\"auto, (max-width: 1024px) 100vw, 1024px\" \/><figcaption class=\"wp-element-caption\">Papierkunst der 3c<\/figcaption><\/figure>\n\n\n\n<figure class=\"wp-block-image aligncenter size-large\"><img loading=\"lazy\" decoding=\"async\" width=\"1024\" height=\"1024\" src=\"https:\/\/mozartschule-mannheim.de\/wp-content\/uploads\/2024\/06\/MOLDIV-005-1024x1024.jpg\" alt=\"\" class=\"wp-image-785\" srcset=\"https:\/\/mozartschule-mannheim.de\/wp-content\/uploads\/2024\/06\/MOLDIV-005-1024x1024.jpg 1024w, https:\/\/mozartschule-mannheim.de\/wp-content\/uploads\/2024\/06\/MOLDIV-005-300x300.jpg 300w, https:\/\/mozartschule-mannheim.de\/wp-content\/uploads\/2024\/06\/MOLDIV-005-150x150.jpg 150w, https:\/\/mozartschule-mannheim.de\/wp-content\/uploads\/2024\/06\/MOLDIV-005-768x768.jpg 768w, https:\/\/mozartschule-mannheim.de\/wp-content\/uploads\/2024\/06\/MOLDIV-005-1536x1536.jpg 1536w, https:\/\/mozartschule-mannheim.de\/wp-content\/uploads\/2024\/06\/MOLDIV-005-2048x2048.jpg 2048w, https:\/\/mozartschule-mannheim.de\/wp-content\/uploads\/2024\/06\/MOLDIV-005-100x100.jpg 100w\" sizes=\"auto, (max-width: 1024px) 100vw, 1024px\" \/><figcaption class=\"wp-element-caption\">Gesichtersucher \u2013 Fotoprojekt<\/figcaption><\/figure>\n\n\n\n<figure class=\"wp-block-image aligncenter size-large\"><img loading=\"lazy\" decoding=\"async\" width=\"1024\" height=\"1024\" src=\"https:\/\/mozartschule-mannheim.de\/wp-content\/uploads\/2024\/06\/MOLDIV-006-1024x1024.jpg\" alt=\"\" class=\"wp-image-786\" srcset=\"https:\/\/mozartschule-mannheim.de\/wp-content\/uploads\/2024\/06\/MOLDIV-006-1024x1024.jpg 1024w, https:\/\/mozartschule-mannheim.de\/wp-content\/uploads\/2024\/06\/MOLDIV-006-300x300.jpg 300w, https:\/\/mozartschule-mannheim.de\/wp-content\/uploads\/2024\/06\/MOLDIV-006-150x150.jpg 150w, https:\/\/mozartschule-mannheim.de\/wp-content\/uploads\/2024\/06\/MOLDIV-006-768x768.jpg 768w, https:\/\/mozartschule-mannheim.de\/wp-content\/uploads\/2024\/06\/MOLDIV-006-1536x1536.jpg 1536w, https:\/\/mozartschule-mannheim.de\/wp-content\/uploads\/2024\/06\/MOLDIV-006-2048x2048.jpg 2048w, https:\/\/mozartschule-mannheim.de\/wp-content\/uploads\/2024\/06\/MOLDIV-006-100x100.jpg 100w\" sizes=\"auto, (max-width: 1024px) 100vw, 1024px\" \/><figcaption class=\"wp-element-caption\">Besuch der 4b in der Jugendkunstschule<\/figcaption><\/figure>\n\n\n\n<figure class=\"wp-block-image aligncenter size-large\"><img loading=\"lazy\" decoding=\"async\" width=\"1024\" height=\"1024\" src=\"https:\/\/mozartschule-mannheim.de\/wp-content\/uploads\/2024\/06\/MOLDIV-009-1024x1024.jpg\" alt=\"\" class=\"wp-image-790\" srcset=\"https:\/\/mozartschule-mannheim.de\/wp-content\/uploads\/2024\/06\/MOLDIV-009-1024x1024.jpg 1024w, https:\/\/mozartschule-mannheim.de\/wp-content\/uploads\/2024\/06\/MOLDIV-009-300x300.jpg 300w, https:\/\/mozartschule-mannheim.de\/wp-content\/uploads\/2024\/06\/MOLDIV-009-150x150.jpg 150w, https:\/\/mozartschule-mannheim.de\/wp-content\/uploads\/2024\/06\/MOLDIV-009-768x768.jpg 768w, https:\/\/mozartschule-mannheim.de\/wp-content\/uploads\/2024\/06\/MOLDIV-009-1536x1536.jpg 1536w, https:\/\/mozartschule-mannheim.de\/wp-content\/uploads\/2024\/06\/MOLDIV-009-2048x2048.jpg 2048w, https:\/\/mozartschule-mannheim.de\/wp-content\/uploads\/2024\/06\/MOLDIV-009-100x100.jpg 100w\" sizes=\"auto, (max-width: 1024px) 100vw, 1024px\" \/><figcaption class=\"wp-element-caption\">Materialdruckwerkstatt der Klasse 2b <\/figcaption><\/figure>\n\n\n\n<figure class=\"wp-block-image size-large\"><img loading=\"lazy\" decoding=\"async\" width=\"1024\" height=\"1024\" src=\"https:\/\/mozartschule-mannheim.de\/wp-content\/uploads\/2024\/06\/IMG_9451-1024x1024.jpg\" alt=\"\" class=\"wp-image-823\" srcset=\"https:\/\/mozartschule-mannheim.de\/wp-content\/uploads\/2024\/06\/IMG_9451-1024x1024.jpg 1024w, https:\/\/mozartschule-mannheim.de\/wp-content\/uploads\/2024\/06\/IMG_9451-300x300.jpg 300w, https:\/\/mozartschule-mannheim.de\/wp-content\/uploads\/2024\/06\/IMG_9451-150x150.jpg 150w, https:\/\/mozartschule-mannheim.de\/wp-content\/uploads\/2024\/06\/IMG_9451-768x768.jpg 768w, https:\/\/mozartschule-mannheim.de\/wp-content\/uploads\/2024\/06\/IMG_9451-1536x1536.jpg 1536w, https:\/\/mozartschule-mannheim.de\/wp-content\/uploads\/2024\/06\/IMG_9451-2048x2048.jpg 2048w, https:\/\/mozartschule-mannheim.de\/wp-content\/uploads\/2024\/06\/IMG_9451-100x100.jpg 100w\" sizes=\"auto, (max-width: 1024px) 100vw, 1024px\" \/><figcaption class=\"wp-element-caption\">Ausflug der Klasse 3b zur Jugendkunstschule<\/figcaption><\/figure>\n\n\n\n<figure class=\"wp-block-image aligncenter size-large is-resized\"><img loading=\"lazy\" decoding=\"async\" width=\"1024\" height=\"768\" src=\"https:\/\/mozartschule-mannheim.de\/wp-content\/uploads\/2024\/06\/IMG-20230124-WA0001-1024x768.jpg\" alt=\"\" class=\"wp-image-781\" style=\"width:649px;height:auto\" srcset=\"https:\/\/mozartschule-mannheim.de\/wp-content\/uploads\/2024\/06\/IMG-20230124-WA0001-1024x768.jpg 1024w, https:\/\/mozartschule-mannheim.de\/wp-content\/uploads\/2024\/06\/IMG-20230124-WA0001-300x225.jpg 300w, https:\/\/mozartschule-mannheim.de\/wp-content\/uploads\/2024\/06\/IMG-20230124-WA0001-768x576.jpg 768w, https:\/\/mozartschule-mannheim.de\/wp-content\/uploads\/2024\/06\/IMG-20230124-WA0001-1536x1152.jpg 1536w, https:\/\/mozartschule-mannheim.de\/wp-content\/uploads\/2024\/06\/IMG-20230124-WA0001.jpg 2048w\" sizes=\"auto, (max-width: 1024px) 100vw, 1024px\" \/><figcaption class=\"wp-element-caption\">M6 besucht die Kunsthalle Mannheim<\/figcaption><\/figure>\n\n\n\n<figure class=\"wp-block-image size-large\"><img loading=\"lazy\" decoding=\"async\" width=\"1024\" height=\"497\" src=\"https:\/\/mozartschule-mannheim.de\/wp-content\/uploads\/2024\/06\/IMG_2564-1024x497.jpg\" alt=\"\" class=\"wp-image-799\" srcset=\"https:\/\/mozartschule-mannheim.de\/wp-content\/uploads\/2024\/06\/IMG_2564-1024x497.jpg 1024w, https:\/\/mozartschule-mannheim.de\/wp-content\/uploads\/2024\/06\/IMG_2564-300x146.jpg 300w, https:\/\/mozartschule-mannheim.de\/wp-content\/uploads\/2024\/06\/IMG_2564-768x373.jpg 768w, https:\/\/mozartschule-mannheim.de\/wp-content\/uploads\/2024\/06\/IMG_2564-1536x746.jpg 1536w, https:\/\/mozartschule-mannheim.de\/wp-content\/uploads\/2024\/06\/IMG_2564-2048x995.jpg 2048w\" sizes=\"auto, (max-width: 1024px) 100vw, 1024px\" \/><figcaption class=\"wp-element-caption\">Mozart frei nach Warhol der Klasse 1c<\/figcaption><\/figure>\n\n\n\n<figure class=\"wp-block-image aligncenter size-large is-resized\"><img loading=\"lazy\" decoding=\"async\" width=\"1024\" height=\"1024\" src=\"https:\/\/mozartschule-mannheim.de\/wp-content\/uploads\/2024\/06\/MOLDIV-001-1024x1024.jpg\" alt=\"\" class=\"wp-image-779\" style=\"width:675px;height:auto\" srcset=\"https:\/\/mozartschule-mannheim.de\/wp-content\/uploads\/2024\/06\/MOLDIV-001-1024x1024.jpg 1024w, https:\/\/mozartschule-mannheim.de\/wp-content\/uploads\/2024\/06\/MOLDIV-001-300x300.jpg 300w, https:\/\/mozartschule-mannheim.de\/wp-content\/uploads\/2024\/06\/MOLDIV-001-150x150.jpg 150w, https:\/\/mozartschule-mannheim.de\/wp-content\/uploads\/2024\/06\/MOLDIV-001-768x768.jpg 768w, https:\/\/mozartschule-mannheim.de\/wp-content\/uploads\/2024\/06\/MOLDIV-001-1536x1536.jpg 1536w, https:\/\/mozartschule-mannheim.de\/wp-content\/uploads\/2024\/06\/MOLDIV-001-2048x2048.jpg 2048w, https:\/\/mozartschule-mannheim.de\/wp-content\/uploads\/2024\/06\/MOLDIV-001-100x100.jpg 100w\" sizes=\"auto, (max-width: 1024px) 100vw, 1024px\" \/><figcaption class=\"wp-element-caption\">Die Klasse 4b bemalt Stromk\u00e4sten um unsere Schule<\/figcaption><\/figure>\n\n\n\n<p class=\"wp-block-paragraph\"><\/p>\n","protected":false},"excerpt":{"rendered":"<p>Im Fachbereich Kunst entstehen an unseren Schulen in R2 und M6 tolle Kunstwerke im Rahmen des Kunstunterrichts und von k\u00fcnstlerischen Projekten. Zudem besuchen wir regelm\u00e4\u00dfig die Kunsthalle Mannheim und die Jugendkunstschule der freien Kunstakademie. Workshops in den Institutionen und an unserer Schule geben uns immer wieder kreative Impulse. H\u00fchner der Klasse 3b, Kreiden auf schwarzem [&hellip;]<\/p>\n","protected":false},"author":1,"featured_media":0,"parent":5,"menu_order":7,"comment_status":"closed","ping_status":"closed","template":"","meta":{"_crdt_document":"","footnotes":""},"class_list":["post-747","page","type-page","status-publish","hentry"],"_links":{"self":[{"href":"https:\/\/mozartschule-mannheim.de\/index.php?rest_route=\/wp\/v2\/pages\/747","targetHints":{"allow":["GET"]}}],"collection":[{"href":"https:\/\/mozartschule-mannheim.de\/index.php?rest_route=\/wp\/v2\/pages"}],"about":[{"href":"https:\/\/mozartschule-mannheim.de\/index.php?rest_route=\/wp\/v2\/types\/page"}],"author":[{"embeddable":true,"href":"https:\/\/mozartschule-mannheim.de\/index.php?rest_route=\/wp\/v2\/users\/1"}],"replies":[{"embeddable":true,"href":"https:\/\/mozartschule-mannheim.de\/index.php?rest_route=%2Fwp%2Fv2%2Fcomments&post=747"}],"version-history":[{"count":11,"href":"https:\/\/mozartschule-mannheim.de\/index.php?rest_route=\/wp\/v2\/pages\/747\/revisions"}],"predecessor-version":[{"id":946,"href":"https:\/\/mozartschule-mannheim.de\/index.php?rest_route=\/wp\/v2\/pages\/747\/revisions\/946"}],"up":[{"embeddable":true,"href":"https:\/\/mozartschule-mannheim.de\/index.php?rest_route=\/wp\/v2\/pages\/5"}],"wp:attachment":[{"href":"https:\/\/mozartschule-mannheim.de\/index.php?rest_route=%2Fwp%2Fv2%2Fmedia&parent=747"}],"curies":[{"name":"wp","href":"https:\/\/api.w.org\/{rel}","templated":true}]}}