{"id":92,"date":"2018-07-17T19:55:20","date_gmt":"2018-07-17T19:55:20","guid":{"rendered":"http:\/\/mozartschule-mannheim.de\/?page_id=92"},"modified":"2024-11-18T20:23:49","modified_gmt":"2024-11-18T18:23:49","slug":"datenschutzerklaerung","status":"publish","type":"page","link":"https:\/\/mozartschule-mannheim.de\/?page_id=92","title":{"rendered":"Datenschutzerkl\u00e4rung"},"content":{"rendered":"<p style=\"text-align: justify;\">Die Adresse unserer Website ist: http:\/\/mozartschule-mannheim.de.<\/p>\n<div class=\"page\" style=\"text-align: justify;\" title=\"Page 5\">\n<div class=\"layoutArea\">\n<div class=\"column\">\n<h4><strong>1. Verantwortlicher und Datenschutzbeauftragter<\/strong><\/h4>\n<p>1.1 Verantwortlicher gem. Art. 4 Abs. 7 EU-Datenschutz-Grundverordnung (EU-DSGVO) ist:<\/p>\n<p><strong>Schulleiterin Nicole Fieber<\/strong><\/p>\n<p>Mozartschule,&nbsp;R 2, 2,&nbsp;68161 Mannheim,&nbsp;Telefon: 0621-2933051<\/p>\n<p><a href=\"mailto:mozartschule.direktion@mannheim.de\">mozartschule.direktion@mannheim.de<\/a><\/p>\n<p>1.2 Unseren <strong>Datenschutzbeauftragten<\/strong> erreichen Sie unter <a href=\"mailto:datenschutz@ssa-ma.kv.bwl.de\">datenschutz@ssa-ma.kv.bwl.de<\/a> oder unserer Postadresse mit dem Zusatz \u201eder Datenschutzbeauftragte\u201c.<\/p>\n<h4><strong>2. Information \u00fcber die Erhebung personenbezogener Daten, Speicherdauer<\/strong><\/h4>\n<p>2.1 Im Folgenden informieren wir \u00fcber die Erhebung personenbezogener Daten bei Nutzung unserer Website. Personenbezogene Daten sind alle Daten, die auf Sie pers\u00f6nlich beziehbar sind, z. B. Name, Adresse, E-Mail-Adressen, Nutzerverhalten.<br \/>\n2.2 Bei Ihrer Kontaktaufnahme mit uns per E-Mail oder \u00fcber ein Kontaktformular werden die von Ihnen mitgeteilten Daten (Ihre E-Mail-Adresse, ggf. Ihr Name und Ihre Telefonnummer) von uns gespeichert, um Ihre Fragen zu beantworten. Die in diesem Zusammenhang anfallenden Daten l\u00f6schen wir, nachdem die Speicherung nicht mehr erforderlich ist, oder schr\u00e4nken die Verarbeitung ein, falls gesetzliche Aufbewahrungspflichten bestehen.<br \/>\n2.3 Falls wir f\u00fcr einzelne Funktionen unseres Angebots auf beauftragte Dienstleister zur\u00fcckgreifen oder Ihre Daten f\u00fcr werbliche Zwecke nutzen m\u00f6chten, werden wir Sie untenstehend im Detail \u00fcber die jeweiligen Vorg\u00e4nge informieren. Dabei nennen wir auch die festgelegten Kriterien der Speicherdauer.<\/p>\n<h4><strong>3. Ihre Rechte<\/strong><\/h4>\n<p>3.1 Sie haben gegen\u00fcber uns folgende Rechte hinsichtlich der Sie betreffenden personenbezogenen Daten:<\/p>\n<p>\u2013 &nbsp;Recht auf Auskunft,<\/p>\n<p>\u2013 &nbsp;Recht auf Berichtigung oder L\u00f6schung,<\/p>\n<p>\u2013 &nbsp;Recht auf Einschr\u00e4nkung der Verarbeitung,<\/p>\n<p>\u2013 &nbsp;Recht auf Widerspruch gegen die Verarbeitung,<\/p>\n<p>\u2013 &nbsp;Recht auf Daten\u00fcbertragbarkeit.<\/p>\n<p>3.2 Sie haben zudem das Recht, sich bei einer Datenschutz-Aufsichtsbeh\u00f6rde \u00fcber die Verarbeitung Ihrer personenbezogenen Daten durch uns zu beschweren. Die Datenschutzaufsichtsbeh\u00f6rde ist der Landesbeauftragte f\u00fcr den Datenschutz und die Informationsfreiheit (LfDI), K\u00f6nigstrasse 10a, 70173 Stuttgart.<\/p>\n<p>3.4 Werden personenbezogene Daten an ein Drittland oder an eine internationale Organisation \u00fcbermittelt, so haben Sie das Recht, \u00fcber die geeigneten Garantien gem\u00e4\u00df Art. 46 EU-DSGVO im Zusammenhang mit der \u00dcbermittlung unterrichtet zu werden.<\/p>\n<h4><strong>4. Erhebung und Zweck personenbezogener Daten bei Besuch unserer Website<\/strong><\/h4>\n<p>4.1 Bei der blo\u00df informatorischen Nutzung der Website, also wenn Sie sich nicht registrieren oder uns anderweitig Informationen \u00fcbermitteln, erheben wir nur die personenbezogenen Daten, die Ihr Brow- ser an unseren Server \u00fcbermittelt. Wenn Sie unsere Website betrachten m\u00f6chten, erheben wir die folgenden Daten, die f\u00fcr uns technisch erforderlich sind, um Ihnen unsere Website anzuzeigen und die Stabilit\u00e4t und Sicherheit zu gew\u00e4hrleisten (Rechtsgrundlage ist Art. 6 Abs. 1 S. 1 lit. f EU-DSGVO):<\/p>\n<ul>\n<li>IP-Adresse<\/li>\n<li>Datum und Uhrzeit der Anfrage<\/li>\n<li>Zeitzonendifferenz zur Greenwich Mean Time (GMT)<\/li>\n<li>Inhalt der Anforderung (konkrete Seite)<\/li>\n<li>Zugriffsstatus\/HTTP-Statuscode<\/li>\n<li>jeweils \u00fcbertragene Datenmenge<\/li>\n<li>Website, von der die Anforderung kommt<\/li>\n<li>Browser<\/li>\n<li>Betriebssystem und dessen Oberfl\u00e4che<\/li>\n<li>Sprache und Version der Browsersoftware.<\/li>\n<\/ul>\n<\/div>\n<\/div>\n<\/div>\n<div class=\"page\" title=\"Page 6\">\n<div class=\"layoutArea\">\n<div class=\"column\">\n<p style=\"text-align: justify;\">4.2 Zus\u00e4tzlich zu den zuvor genannten Daten werden bei Ihrer Nutzung unserer Website Cookies auf Ihrem Rechner gespeichert. Bei Cookies handelt es sich um kleine Textdateien, die auf Ihrer Festplatte dem von Ihnen verwendeten Browser zugeordnet gespeichert werden und durch welche der Stelle, die den Cookie setzt (hier durch uns), bestimmte Informationen zuflie\u00dfen. Cookies k\u00f6nnen keine Programme ausf\u00fchren oder Viren auf Ihren Computer \u00fcbertragen. Sie dienen dazu, das Internetangebot insgesamt nutzerfreundlicher und effektiver zu machen.<\/p>\n<p style=\"text-align: justify;\"><strong>4.3 Einsatz von Cookies:<\/strong><\/p>\n<p style=\"text-align: justify;\">a) &nbsp;Diese Website nutzt folgende Arten von Cookies, deren Umfang und Funktionsweise im Folgenden erl\u00e4utert werden:<\/p>\n<p>\u2013 &nbsp;Transiente Cookies (dazu b)<\/p>\n<p>\u2013 &nbsp;Persistente Cookies (dazu c).<\/p>\n<p>b) &nbsp;Transiente Cookies werden automatisiert gel\u00f6scht, wenn Sie den Browser schlie\u00dfen. Dazu z\u00e4h- len insbesondere die Session-Cookies. Diese speichern eine sogenannte Session-ID, mit wel- cher sich verschiedene Anfragen Ihres Browsers der gemeinsamen Sitzung zuordnen lassen. Dadurch kann Ihr Rechner wiedererkannt werden, wenn Sie auf unsere Website zur\u00fcckkehren. Die Session-Cookies werden gel\u00f6scht, wenn Sie sich ausloggen oder den Browser schlie\u00dfen.<\/p>\n<p>c) &nbsp;Persistente Cookies werden automatisiert nach einer vorgegebenen Dauer gel\u00f6scht, die sich je nach Cookie unterscheiden kann. Sie k\u00f6nnen die Cookies in den Sicherheitseinstellungen Ihres Browsers jederzeit l\u00f6schen.<\/p>\n<p>d) &nbsp;Sie k\u00f6nnen Ihre Browser-Einstellung entsprechend Ihren W\u00fcnschen konfigurieren und z. B. die Annahme von Third-Party-Cookies oder allen Cookies ablehnen. Wir weisen Sie darauf hin, dass Sie eventuell nicht alle Funktionen dieser Website nutzen k\u00f6nnen.<\/p>\n<\/div>\n<\/div>\n<\/div>\n","protected":false},"excerpt":{"rendered":"<p>Die Adresse unserer Website ist: http:\/\/mozartschule-mannheim.de. 1. Verantwortlicher und Datenschutzbeauftragter 1.1 Verantwortlicher gem. Art. 4 Abs. 7 EU-Datenschutz-Grundverordnung (EU-DSGVO) ist: Schulleiterin Nicole Fieber Mozartschule,&nbsp;R 2, 2,&nbsp;68161 Mannheim,&nbsp;Telefon: 0621-2933051 mozartschule.direktion@mannheim.de 1.2 Unseren Datenschutzbeauftragten erreichen Sie unter datenschutz@ssa-ma.kv.bwl.de oder unserer Postadresse mit dem Zusatz \u201eder Datenschutzbeauftragte\u201c. 2. Information \u00fcber die Erhebung personenbezogener Daten, Speicherdauer 2.1 Im Folgenden [&hellip;]<\/p>\n","protected":false},"author":1,"featured_media":0,"parent":5,"menu_order":17,"comment_status":"closed","ping_status":"closed","template":"","meta":{"_crdt_document":"","footnotes":""},"class_list":["post-92","page","type-page","status-publish","hentry"],"_links":{"self":[{"href":"https:\/\/mozartschule-mannheim.de\/index.php?rest_route=\/wp\/v2\/pages\/92","targetHints":{"allow":["GET"]}}],"collection":[{"href":"https:\/\/mozartschule-mannheim.de\/index.php?rest_route=\/wp\/v2\/pages"}],"about":[{"href":"https:\/\/mozartschule-mannheim.de\/index.php?rest_route=\/wp\/v2\/types\/page"}],"author":[{"embeddable":true,"href":"https:\/\/mozartschule-mannheim.de\/index.php?rest_route=\/wp\/v2\/users\/1"}],"replies":[{"embeddable":true,"href":"https:\/\/mozartschule-mannheim.de\/index.php?rest_route=%2Fwp%2Fv2%2Fcomments&post=92"}],"version-history":[{"count":9,"href":"https:\/\/mozartschule-mannheim.de\/index.php?rest_route=\/wp\/v2\/pages\/92\/revisions"}],"predecessor-version":[{"id":422,"href":"https:\/\/mozartschule-mannheim.de\/index.php?rest_route=\/wp\/v2\/pages\/92\/revisions\/422"}],"up":[{"embeddable":true,"href":"https:\/\/mozartschule-mannheim.de\/index.php?rest_route=\/wp\/v2\/pages\/5"}],"wp:attachment":[{"href":"https:\/\/mozartschule-mannheim.de\/index.php?rest_route=%2Fwp%2Fv2%2Fmedia&parent=92"}],"curies":[{"name":"wp","href":"https:\/\/api.w.org\/{rel}","templated":true}]}}